{"id":173,"date":"2020-09-02T07:55:57","date_gmt":"2020-09-02T05:55:57","guid":{"rendered":"https:\/\/lieblingsplatz-fuessen.de\/?page_id=173"},"modified":"2023-09-20T19:06:40","modified_gmt":"2023-09-20T17:06:40","slug":"fuessen-activities","status":"publish","type":"page","link":"https:\/\/lieblingsplatz-fuessen.de\/en\/fuessen-activities\/","title":{"rendered":"Activities"},"content":{"rendered":"\t\t<div data-elementor-type=\"wp-page\" data-elementor-id=\"173\" class=\"elementor elementor-173\">\n\t\t\t\t\t\t<section class=\"elementor-section elementor-top-section elementor-element elementor-element-8b855c1 elementor-section-boxed elementor-section-height-default elementor-section-height-default\" data-id=\"8b855c1\" data-element_type=\"section\">\n\t\t\t\t\t\t<div class=\"elementor-container elementor-column-gap-default\">\n\t\t\t\t\t<div class=\"elementor-column elementor-col-100 elementor-top-column elementor-element elementor-element-83798a2\" data-id=\"83798a2\" data-element_type=\"column\">\n\t\t\t<div class=\"elementor-widget-wrap elementor-element-populated\">\n\t\t\t\t\t\t<div class=\"elementor-element elementor-element-e970994 elementor-widget elementor-widget-heading\" data-id=\"e970994\" data-element_type=\"widget\" data-widget_type=\"heading.default\">\n\t\t\t\t<div class=\"elementor-widget-container\">\n\t\t\t<style>\/*! elementor - v3.20.0 - 26-03-2024 *\/\n.elementor-heading-title{padding:0;margin:0;line-height:1}.elementor-widget-heading .elementor-heading-title[class*=elementor-size-]>a{color:inherit;font-size:inherit;line-height:inherit}.elementor-widget-heading .elementor-heading-title.elementor-size-small{font-size:15px}.elementor-widget-heading .elementor-heading-title.elementor-size-medium{font-size:19px}.elementor-widget-heading .elementor-heading-title.elementor-size-large{font-size:29px}.elementor-widget-heading .elementor-heading-title.elementor-size-xl{font-size:39px}.elementor-widget-heading .elementor-heading-title.elementor-size-xxl{font-size:59px}<\/style><h2 class=\"elementor-heading-title elementor-size-default\">F\u00fcssen Aktivit\u00e4ten<\/h2>\t\t<\/div>\n\t\t\t\t<\/div>\n\t\t\t\t\t<\/div>\n\t\t<\/div>\n\t\t\t\t\t<\/div>\n\t\t<\/section>\n\t\t\t\t<section class=\"elementor-section elementor-top-section elementor-element elementor-element-4cf6ae7 elementor-section-boxed elementor-section-height-default elementor-section-height-default\" data-id=\"4cf6ae7\" data-element_type=\"section\" data-settings=\"{&quot;background_background&quot;:&quot;classic&quot;,&quot;shape_divider_bottom&quot;:&quot;mountains&quot;}\">\n\t\t\t\t\t\t\t<div class=\"elementor-background-overlay\"><\/div>\n\t\t\t\t\t\t<div class=\"elementor-shape elementor-shape-bottom\" data-negative=\"false\">\n\t\t\t<svg xmlns=\"http:\/\/www.w3.org\/2000\/svg\" viewBox=\"0 0 1000 100\" preserveAspectRatio=\"none\">\n\t<path class=\"elementor-shape-fill\" opacity=\"0.33\" d=\"M473,67.3c-203.9,88.3-263.1-34-320.3,0C66,119.1,0,59.7,0,59.7V0h1000v59.7 c0,0-62.1,26.1-94.9,29.3c-32.8,3.3-62.8-12.3-75.8-22.1C806,49.6,745.3,8.7,694.9,4.7S492.4,59,473,67.3z\"\/>\n\t<path class=\"elementor-shape-fill\" opacity=\"0.66\" d=\"M734,67.3c-45.5,0-77.2-23.2-129.1-39.1c-28.6-8.7-150.3-10.1-254,39.1 s-91.7-34.4-149.2,0C115.7,118.3,0,39.8,0,39.8V0h1000v36.5c0,0-28.2-18.5-92.1-18.5C810.2,18.1,775.7,67.3,734,67.3z\"\/>\n\t<path class=\"elementor-shape-fill\" d=\"M766.1,28.9c-200-57.5-266,65.5-395.1,19.5C242,1.8,242,5.4,184.8,20.6C128,35.8,132.3,44.9,89.9,52.5C28.6,63.7,0,0,0,0 h1000c0,0-9.9,40.9-83.6,48.1S829.6,47,766.1,28.9z\"\/>\n<\/svg>\t\t<\/div>\n\t\t\t\t\t<div class=\"elementor-container elementor-column-gap-wider\">\n\t\t\t\t\t<div class=\"elementor-column elementor-col-100 elementor-top-column elementor-element elementor-element-0fbe82d\" data-id=\"0fbe82d\" data-element_type=\"column\">\n\t\t\t<div class=\"elementor-widget-wrap elementor-element-populated\">\n\t\t\t\t\t\t<div class=\"elementor-element elementor-element-00aa5b7 elementor-widget elementor-widget-heading\" data-id=\"00aa5b7\" data-element_type=\"widget\" data-widget_type=\"heading.default\">\n\t\t\t\t<div class=\"elementor-widget-container\">\n\t\t\t<h1 class=\"elementor-heading-title elementor-size-xl\">ENJOY YOUR TIME OUT IN ALLGAEU<\/h1>\t\t<\/div>\n\t\t\t\t<\/div>\n\t\t\t\t\t<\/div>\n\t\t<\/div>\n\t\t\t\t\t<\/div>\n\t\t<\/section>\n\t\t\t\t<section class=\"elementor-section elementor-top-section elementor-element elementor-element-4e23b78 elementor-section-full_width elementor-section-height-default elementor-section-height-default\" data-id=\"4e23b78\" data-element_type=\"section\" data-settings=\"{&quot;background_background&quot;:&quot;classic&quot;}\">\n\t\t\t\t\t\t\t<div class=\"elementor-background-overlay\"><\/div>\n\t\t\t\t\t\t\t<div class=\"elementor-container elementor-column-gap-default\">\n\t\t\t\t\t<div class=\"elementor-column elementor-col-100 elementor-top-column elementor-element elementor-element-3d7c6cb\" data-id=\"3d7c6cb\" data-element_type=\"column\" data-settings=\"{&quot;background_background&quot;:&quot;classic&quot;}\">\n\t\t\t<div class=\"elementor-widget-wrap elementor-element-populated\">\n\t\t\t\t\t\t<div class=\"elementor-element elementor-element-fcd73a2 elementor-arrows-position-inside elementor-pagination-position-outside elementor-widget elementor-widget-image-carousel\" data-id=\"fcd73a2\" data-element_type=\"widget\" data-settings=\"{&quot;lazyload&quot;:&quot;yes&quot;,&quot;slides_to_show_mobile&quot;:&quot;1&quot;,&quot;navigation&quot;:&quot;both&quot;,&quot;autoplay&quot;:&quot;yes&quot;,&quot;pause_on_hover&quot;:&quot;yes&quot;,&quot;pause_on_interaction&quot;:&quot;yes&quot;,&quot;autoplay_speed&quot;:5000,&quot;infinite&quot;:&quot;yes&quot;,&quot;speed&quot;:500}\" data-widget_type=\"image-carousel.default\">\n\t\t\t\t<div class=\"elementor-widget-container\">\n\t\t\t<style>\/*! elementor - v3.20.0 - 26-03-2024 *\/\n.elementor-widget-image-carousel .swiper,.elementor-widget-image-carousel .swiper-container{position:static}.elementor-widget-image-carousel .swiper-container .swiper-slide figure,.elementor-widget-image-carousel .swiper .swiper-slide figure{line-height:inherit}.elementor-widget-image-carousel .swiper-slide{text-align:center}.elementor-image-carousel-wrapper:not(.swiper-container-initialized):not(.swiper-initialized) .swiper-slide{max-width:calc(100% \/ var(--e-image-carousel-slides-to-show, 3))}<\/style>\t\t<div class=\"elementor-image-carousel-wrapper swiper\" dir=\"ltr\">\n\t\t\t<div class=\"elementor-image-carousel swiper-wrapper\" aria-live=\"off\">\n\t\t\t\t\t\t\t\t<div class=\"swiper-slide\" role=\"group\" aria-roledescription=\"slide\" aria-label=\"1 of 4\"><figure class=\"swiper-slide-inner\"><img class=\"swiper-slide-image swiper-lazy\" data-src=\"https:\/\/lieblingsplatz-fuessen.de\/en\/wp-content\/uploads\/sites\/4\/elementor\/thumbs\/Aggesteintour-Gross-pw1y3hv8vutem4mpfenw75uc3g8gsqsvzg3hamhn78.jpeg\" alt=\"Aggesteintour-Gross\" \/><div class=\"swiper-lazy-preloader\"><\/div><\/figure><\/div><div class=\"swiper-slide\" role=\"group\" aria-roledescription=\"slide\" aria-label=\"2 of 4\"><figure class=\"swiper-slide-inner\"><img class=\"swiper-slide-image swiper-lazy\" data-src=\"https:\/\/lieblingsplatz-fuessen.de\/en\/wp-content\/uploads\/sites\/4\/elementor\/thumbs\/Ruddern-Forggensee-Gross-pw1y4gn9wq50jp86sbp39f2e2ph1pjmyg88g1v22t0.jpeg\" alt=\"Fuessen-activities\" \/><div class=\"swiper-lazy-preloader\"><\/div><\/figure><\/div><div class=\"swiper-slide\" role=\"group\" aria-roledescription=\"slide\" aria-label=\"3 of 4\"><figure class=\"swiper-slide-inner\"><img class=\"swiper-slide-image swiper-lazy\" data-src=\"https:\/\/lieblingsplatz-fuessen.de\/en\/wp-content\/uploads\/sites\/4\/elementor\/thumbs\/Segel-Forggensee-Gross-pw1y4kemo2a5u52q6dblje48g8yikc1vsqudyywi44.jpeg\" alt=\"F\u00fcssen-activities\" \/><div class=\"swiper-lazy-preloader\"><\/div><\/figure><\/div><div class=\"swiper-slide\" role=\"group\" aria-roledescription=\"slide\" aria-label=\"4 of 4\"><figure class=\"swiper-slide-inner\"><img class=\"swiper-slide-image swiper-lazy\" data-src=\"https:\/\/lieblingsplatz-fuessen.de\/en\/wp-content\/uploads\/sites\/4\/elementor\/thumbs\/Alphornblaesser-Schrannenplatz-Ferienhaus-Fuessen-pw1y3mkfu0zu86fvnyp11mnn2dlav8bjo3cwp0aoc4.jpg\" alt=\"Alphornblaesser-Schrannenplatz-Ferienhaus-Fuessen\" \/><div class=\"swiper-lazy-preloader\"><\/div><\/figure><\/div>\t\t\t<\/div>\n\t\t\t\t\t\t\t\t\t\t\t\t<div class=\"elementor-swiper-button elementor-swiper-button-prev\" role=\"button\" tabindex=\"0\">\n\t\t\t\t\t\t<svg aria-hidden=\"true\" class=\"e-font-icon-svg e-eicon-chevron-left\" viewBox=\"0 0 1000 1000\" xmlns=\"http:\/\/www.w3.org\/2000\/svg\"><path d=\"M646 125C629 125 613 133 604 142L308 442C296 454 292 471 292 487 292 504 296 521 308 533L604 854C617 867 629 875 646 875 663 875 679 871 692 858 704 846 713 829 713 812 713 796 708 779 692 767L438 487 692 225C700 217 708 204 708 187 708 171 704 154 692 142 675 129 663 125 646 125Z\"><\/path><\/svg>\t\t\t\t\t<\/div>\n\t\t\t\t\t<div class=\"elementor-swiper-button elementor-swiper-button-next\" role=\"button\" tabindex=\"0\">\n\t\t\t\t\t\t<svg aria-hidden=\"true\" class=\"e-font-icon-svg e-eicon-chevron-right\" viewBox=\"0 0 1000 1000\" xmlns=\"http:\/\/www.w3.org\/2000\/svg\"><path d=\"M696 533C708 521 713 504 713 487 713 471 708 454 696 446L400 146C388 133 375 125 354 125 338 125 325 129 313 142 300 154 292 171 292 187 292 204 296 221 308 233L563 492 304 771C292 783 288 800 288 817 288 833 296 850 308 863 321 871 338 875 354 875 371 875 388 867 400 854L696 533Z\"><\/path><\/svg>\t\t\t\t\t<\/div>\n\t\t\t\t\n\t\t\t\t\t\t\t\t\t<div class=\"swiper-pagination\"><\/div>\n\t\t\t\t\t\t\t\t\t<\/div>\n\t\t\t\t<\/div>\n\t\t\t\t<\/div>\n\t\t\t\t\t<\/div>\n\t\t<\/div>\n\t\t\t\t\t<\/div>\n\t\t<\/section>\n\t\t\t\t<section class=\"elementor-section elementor-top-section elementor-element elementor-element-9e502fe elementor-section-full_width elementor-section-height-default elementor-section-height-default\" data-id=\"9e502fe\" data-element_type=\"section\" data-settings=\"{&quot;background_background&quot;:&quot;classic&quot;}\">\n\t\t\t\t\t\t<div class=\"elementor-container elementor-column-gap-default\">\n\t\t\t\t\t<div class=\"elementor-column elementor-col-100 elementor-top-column elementor-element elementor-element-7973193\" data-id=\"7973193\" data-element_type=\"column\">\n\t\t\t<div class=\"elementor-widget-wrap elementor-element-populated\">\n\t\t\t\t\t\t<div class=\"elementor-element elementor-element-e4fed5a elementor-widget elementor-widget-text-editor\" data-id=\"e4fed5a\" data-element_type=\"widget\" data-widget_type=\"text-editor.default\">\n\t\t\t\t<div class=\"elementor-widget-container\">\n\t\t\t<style>\/*! elementor - v3.20.0 - 26-03-2024 *\/\n.elementor-widget-text-editor.elementor-drop-cap-view-stacked .elementor-drop-cap{background-color:#69727d;color:#fff}.elementor-widget-text-editor.elementor-drop-cap-view-framed .elementor-drop-cap{color:#69727d;border:3px solid;background-color:transparent}.elementor-widget-text-editor:not(.elementor-drop-cap-view-default) .elementor-drop-cap{margin-top:8px}.elementor-widget-text-editor:not(.elementor-drop-cap-view-default) .elementor-drop-cap-letter{width:1em;height:1em}.elementor-widget-text-editor .elementor-drop-cap{float:left;text-align:center;line-height:1;font-size:50px}.elementor-widget-text-editor .elementor-drop-cap-letter{display:inline-block}<\/style>\t\t\t\t<section class=\"elementor-section elementor-top-section elementor-element elementor-element-9e502fe elementor-section-boxed elementor-section-height-default elementor-section-height-default\" data-id=\"9e502fe\" data-element_type=\"section\" data-settings=\"{&quot;background_background&quot;:&quot;classic&quot;}\"><div class=\"elementor-container elementor-column-gap-default\"><div class=\"elementor-row\"><div class=\"elementor-column elementor-col-100 elementor-top-column elementor-element elementor-element-7973193\" data-id=\"7973193\" data-element_type=\"column\"><div class=\"elementor-column-wrap elementor-element-populated\"><div class=\"elementor-widget-wrap\"><div class=\"elementor-element elementor-element-e4fed5a elementor-widget elementor-widget-text-editor\" data-id=\"e4fed5a\" data-element_type=\"widget\" data-widget_type=\"text-editor.default\"><div class=\"elementor-widget-container\"><div class=\"elementor-text-editor elementor-clearfix\"><p class=\" translation-block\">F\u00fcssen activities diversity as far as the eye can see. There is a great selection of cycling and panoramic hiking tours in the immediate vicinity to castles, the <a href=\"https:\/\/www.romantischestrasse.de\/all-towns\/fuessen\/?L=1\" target=\"_self\" rel=\"noopener\">Romantic Road<\/a>, and numerous lakes with crystal-clear water (Forggensee with boat trips, Hopfensee, Schwansee, Wei\u00dfensee, Alatsee, Alpsee, Bannwaldsee, etc.) as well as to the Allgaeu and Ammergau Alps. Or, after a long hike on the Lechweg &#8211; with Lechfall in F\u00fcssen as your destination &#8211; you can treat yourself to a very special time-out at <a href=\"https:\/\/lieblingsplatz-fuessen.de\/en\/holiday-home-allgaeu-sauna-privat\/\">Lieblingsplatz-F\u00fcssen vacation home<\/a>.<\/p><p>The many nearby lakes offer excellent water quality, and with their fantastic castle and mountain panoramas are perfect for almost any water sport or just for relaxing and enjoying. Be sure to bring your ice skates in winter!<\/p><p>Culture at your doorstep: the romantic old town, Hohen Schlo\u00df castle, St. Mang monastery with its imperial hall and museum, Neuschwanstein, musicals in the Lake Forggensee festival hall, and traditional customs such as alphorn blowers, to name but a few.<\/p><p>Numerous restaurants, cafes and stores also provide a great atmosphere to while away some time right in front of your doorstep.<\/p><p>Experience history right up close with a guided tour in the old town, explore castles, monasteries, museums, gardens, winding alleys, the Roman Via Claudia Augusta and the end of the Romantic Road.<\/p><p>Extensive program of events in the Festspielhaus (festival hall) at Forggensee, in the Kaisersaal, and in the old town and around Fuessen.<\/p><p>Whether in summer or winter, the variety of possibilities to spend your vacation actively or just have a good time in F\u00fcssen is almost unlimited. So look forward to a wonderful vacation and staying in your Lieblingsplatz-F\u00fcssen vacation home. After all, taking time out from everyday routines combined with joy and health is intended to inspire your inner self here.<\/p><p>After all, the time out from everyday life combined with joy and health should visibly inspire the inner self here.<\/p><p class=\" translation-block\">Why was F\u00fcssen made a recognized health resort? Find out more on the occasion of <a href=\"https:\/\/www.fuessen.de\/anderszeit\/musse\/anderszeit-kneipp\/\" target=\"_self\" rel=\"noopener\">Sebastian Kneipp&#8217;s <\/a>200th birthday.<\/p><p>We have decided against including a large collection of Fuessen activities links here because Google is simply more individual in this respect.<\/p><p>We are always happy to receive your individual wishes for F\u00fcssen activities and look forward to helping you plan your vacation.<\/p><\/div><\/div><\/div><\/div><\/div><\/div><\/div><\/div><\/section><section class=\"elementor-section elementor-top-section elementor-element elementor-element-63f81cd2 elementor-section-boxed elementor-section-height-default elementor-section-height-default\" data-id=\"63f81cd2\" data-element_type=\"section\"><div class=\"elementor-container elementor-column-gap-default\"><div class=\"elementor-row\"><div class=\"elementor-column elementor-col-100 elementor-top-column elementor-element elementor-element-5c47a432\" data-id=\"5c47a432\" data-element_type=\"column\"><div class=\"elementor-column-wrap elementor-element-populated\"><div class=\"elementor-widget-wrap\"><div class=\"elementor-element elementor-element-14df2f2a elementor-widget elementor-widget-text-editor\" data-id=\"14df2f2a\" data-element_type=\"widget\" data-widget_type=\"text-editor.default\"><div class=\"elementor-widget-container\"><div class=\"elementor-text-editor elementor-clearfix\">\u00a0<\/div><\/div><\/div><\/div><\/div><\/div><\/div><\/div><\/section>\t\t\t\t\t\t<\/div>\n\t\t\t\t<\/div>\n\t\t\t\t\t<\/div>\n\t\t<\/div>\n\t\t\t\t\t<\/div>\n\t\t<\/section>\n\t\t\t\t<section class=\"elementor-section elementor-top-section elementor-element elementor-element-f2d7aab elementor-section-height-min-height elementor-section-boxed elementor-section-height-default elementor-section-items-middle\" data-id=\"f2d7aab\" data-element_type=\"section\" data-settings=\"{&quot;background_background&quot;:&quot;classic&quot;,&quot;shape_divider_bottom&quot;:&quot;mountains&quot;}\">\n\t\t\t\t\t\t\t<div class=\"elementor-background-overlay\"><\/div>\n\t\t\t\t\t\t<div class=\"elementor-shape elementor-shape-bottom\" data-negative=\"false\">\n\t\t\t<svg xmlns=\"http:\/\/www.w3.org\/2000\/svg\" viewBox=\"0 0 1000 100\" preserveAspectRatio=\"none\">\n\t<path class=\"elementor-shape-fill\" opacity=\"0.33\" d=\"M473,67.3c-203.9,88.3-263.1-34-320.3,0C66,119.1,0,59.7,0,59.7V0h1000v59.7 c0,0-62.1,26.1-94.9,29.3c-32.8,3.3-62.8-12.3-75.8-22.1C806,49.6,745.3,8.7,694.9,4.7S492.4,59,473,67.3z\"\/>\n\t<path class=\"elementor-shape-fill\" opacity=\"0.66\" d=\"M734,67.3c-45.5,0-77.2-23.2-129.1-39.1c-28.6-8.7-150.3-10.1-254,39.1 s-91.7-34.4-149.2,0C115.7,118.3,0,39.8,0,39.8V0h1000v36.5c0,0-28.2-18.5-92.1-18.5C810.2,18.1,775.7,67.3,734,67.3z\"\/>\n\t<path class=\"elementor-shape-fill\" d=\"M766.1,28.9c-200-57.5-266,65.5-395.1,19.5C242,1.8,242,5.4,184.8,20.6C128,35.8,132.3,44.9,89.9,52.5C28.6,63.7,0,0,0,0 h1000c0,0-9.9,40.9-83.6,48.1S829.6,47,766.1,28.9z\"\/>\n<\/svg>\t\t<\/div>\n\t\t\t\t\t<div class=\"elementor-container elementor-column-gap-default\">\n\t\t\t\t\t<div class=\"elementor-column elementor-col-100 elementor-top-column elementor-element elementor-element-709db77\" data-id=\"709db77\" data-element_type=\"column\">\n\t\t\t<div class=\"elementor-widget-wrap elementor-element-populated\">\n\t\t\t\t\t\t<div class=\"elementor-element elementor-element-2067854 elementor-widget elementor-widget-heading\" data-id=\"2067854\" data-element_type=\"widget\" data-widget_type=\"heading.default\">\n\t\t\t\t<div class=\"elementor-widget-container\">\n\t\t\t<h2 class=\"elementor-heading-title elementor-size-xl\">RECHARGE YOUR BATTERIES<\/h2>\t\t<\/div>\n\t\t\t\t<\/div>\n\t\t\t\t\t<\/div>\n\t\t<\/div>\n\t\t\t\t\t<\/div>\n\t\t<\/section>\n\t\t\t\t<section class=\"elementor-section elementor-top-section elementor-element elementor-element-ef0a5ed elementor-section-full_width elementor-section-stretched elementor-section-height-default elementor-section-height-default\" data-id=\"ef0a5ed\" data-element_type=\"section\" data-settings=\"{&quot;stretch_section&quot;:&quot;section-stretched&quot;}\">\n\t\t\t\t\t\t<div class=\"elementor-container elementor-column-gap-default\">\n\t\t\t\t\t<div class=\"elementor-column elementor-col-100 elementor-top-column elementor-element elementor-element-6a3ed0d\" data-id=\"6a3ed0d\" data-element_type=\"column\">\n\t\t\t<div class=\"elementor-widget-wrap elementor-element-populated\">\n\t\t\t\t\t\t<div class=\"elementor-element elementor-element-50208de elementor-hidden-desktop elementor-hidden-tablet elementor-widget elementor-widget-image\" data-id=\"50208de\" data-element_type=\"widget\" data-widget_type=\"image.default\">\n\t\t\t\t<div class=\"elementor-widget-container\">\n\t\t\t<style>\/*! elementor - v3.20.0 - 26-03-2024 *\/\n.elementor-widget-image{text-align:center}.elementor-widget-image a{display:inline-block}.elementor-widget-image a img[src$=\".svg\"]{width:48px}.elementor-widget-image img{vertical-align:middle;display:inline-block}<\/style>\t\t\t\t\t\t\t<figure class=\"wp-caption\">\n\t\t\t\t\t\t\t\t\t\t<img decoding=\"async\" src=\"https:\/\/lieblingsplatz-fuessen.de\/en\/wp-content\/uploads\/sites\/4\/elementor\/thumbs\/Aggenstein2-Gross-pw1y3gx4c9847eq7evowz28wj529q05dlxedt0qdjk.jpeg\" title=\"Aggenstein2-Gross\" alt=\"Aggenstein2-Gross\" loading=\"lazy\" \/>\t\t\t\t\t\t\t\t\t\t\t<figcaption class=\"widget-image-caption wp-caption-text\"><\/figcaption>\n\t\t\t\t\t\t\t\t\t\t<\/figure>\n\t\t\t\t\t\t\t<\/div>\n\t\t\t\t<\/div>\n\t\t\t\t\t<\/div>\n\t\t<\/div>\n\t\t\t\t\t<\/div>\n\t\t<\/section>\n\t\t\t\t<section class=\"elementor-section elementor-top-section elementor-element elementor-element-63f81cd2 elementor-section-boxed elementor-section-height-default elementor-section-height-default\" data-id=\"63f81cd2\" data-element_type=\"section\">\n\t\t\t\t\t\t<div class=\"elementor-container elementor-column-gap-default\">\n\t\t\t\t\t<div class=\"elementor-column elementor-col-100 elementor-top-column elementor-element elementor-element-5c47a432\" data-id=\"5c47a432\" data-element_type=\"column\">\n\t\t\t<div class=\"elementor-widget-wrap elementor-element-populated\">\n\t\t\t\t\t\t<div class=\"elementor-element elementor-element-14df2f2a elementor-widget elementor-widget-text-editor\" data-id=\"14df2f2a\" data-element_type=\"widget\" data-widget_type=\"text-editor.default\">\n\t\t\t\t<div class=\"elementor-widget-container\">\n\t\t\t\t\t\t\t<p>F\u00fcssen activities are incredibly beautiful and diverse the F\u00fcssen activities in the vacation home F\u00fcssen<\/p>\t\t\t\t\t\t<\/div>\n\t\t\t\t<\/div>\n\t\t\t\t\t<\/div>\n\t\t<\/div>\n\t\t\t\t\t<\/div>\n\t\t<\/section>\n\t\t\t\t<\/div>\n\t\t","protected":false},"excerpt":{"rendered":"<p>F\u00fcssen Aktivit\u00e4ten ENJOY YOUR TIME OUT IN ALLGAEU Previous image Next image F\u00fcssen activities diversity as far as the eye can see. There is a great selection of cycling and panoramic hiking tours in the immediate vicinity to castles, the Romantic Road, and numerous lakes with crystal-clear water (Forggensee with boat trips, Hopfensee, Schwansee, Wei\u00dfensee, &hellip;<\/p>\n<p class=\"read-more\"> <a class=\"\" href=\"https:\/\/lieblingsplatz-fuessen.de\/en\/fuessen-activities\/\"> <span class=\"screen-reader-text\">Activities<\/span> Read More &raquo;<\/a><\/p>\n","protected":false},"author":1,"featured_media":0,"parent":0,"menu_order":0,"comment_status":"closed","ping_status":"closed","template":"","meta":{"site-sidebar-layout":"default","site-content-layout":"default","ast-site-content-layout":"","site-content-style":"default","site-sidebar-style":"default","ast-global-header-display":"","ast-banner-title-visibility":"","ast-main-header-display":"","ast-hfb-above-header-display":"","ast-hfb-below-header-display":"","ast-hfb-mobile-header-display":"","site-post-title":"","ast-breadcrumbs-content":"","ast-featured-img":"","footer-sml-layout":"","theme-transparent-header-meta":"default","adv-header-id-meta":null,"stick-header-meta":null,"header-above-stick-meta":null,"header-main-stick-meta":null,"header-below-stick-meta":null,"astra-migrate-meta-layouts":"","footnotes":""},"_links":{"self":[{"href":"https:\/\/lieblingsplatz-fuessen.de\/en\/wp-json\/wp\/v2\/pages\/173"}],"collection":[{"href":"https:\/\/lieblingsplatz-fuessen.de\/en\/wp-json\/wp\/v2\/pages"}],"about":[{"href":"https:\/\/lieblingsplatz-fuessen.de\/en\/wp-json\/wp\/v2\/types\/page"}],"author":[{"embeddable":true,"href":"https:\/\/lieblingsplatz-fuessen.de\/en\/wp-json\/wp\/v2\/users\/1"}],"replies":[{"embeddable":true,"href":"https:\/\/lieblingsplatz-fuessen.de\/en\/wp-json\/wp\/v2\/comments?post=173"}],"version-history":[{"count":97,"href":"https:\/\/lieblingsplatz-fuessen.de\/en\/wp-json\/wp\/v2\/pages\/173\/revisions"}],"predecessor-version":[{"id":9026,"href":"https:\/\/lieblingsplatz-fuessen.de\/en\/wp-json\/wp\/v2\/pages\/173\/revisions\/9026"}],"wp:attachment":[{"href":"https:\/\/lieblingsplatz-fuessen.de\/en\/wp-json\/wp\/v2\/media?parent=173"}],"curies":[{"name":"wp","href":"https:\/\/api.w.org\/{rel}","templated":true}]}}