{"id":2864,"date":"2021-02-23T20:18:42","date_gmt":"2021-02-23T19:18:42","guid":{"rendered":"https:\/\/lieblingsplatz-fuessen.de\/?page_id=2864"},"modified":"2024-03-15T14:24:16","modified_gmt":"2024-03-15T13:24:16","slug":"5-star-holiday-home-fuessen","status":"publish","type":"page","link":"https:\/\/lieblingsplatz-fuessen.de\/en\/5-star-holiday-home-fuessen\/","title":{"rendered":"Quality Promise"},"content":{"rendered":"\t\t<div data-elementor-type=\"wp-page\" data-elementor-id=\"2864\" class=\"elementor elementor-2864\">\n\t\t\t\t\t\t<section class=\"elementor-section elementor-top-section elementor-element elementor-element-eabcb3c elementor-section-boxed elementor-section-height-default elementor-section-height-default\" data-id=\"eabcb3c\" data-element_type=\"section\">\n\t\t\t\t\t\t<div class=\"elementor-container elementor-column-gap-default\">\n\t\t\t\t\t<div class=\"elementor-column elementor-col-100 elementor-top-column elementor-element elementor-element-aa99591\" data-id=\"aa99591\" data-element_type=\"column\">\n\t\t\t<div class=\"elementor-widget-wrap elementor-element-populated\">\n\t\t\t\t\t\t<div class=\"elementor-element elementor-element-a126341 elementor-widget elementor-widget-heading\" data-id=\"a126341\" data-element_type=\"widget\" data-widget_type=\"heading.default\">\n\t\t\t\t<div class=\"elementor-widget-container\">\n\t\t\t<style>\/*! elementor - v3.20.0 - 26-03-2024 *\/\n.elementor-heading-title{padding:0;margin:0;line-height:1}.elementor-widget-heading .elementor-heading-title[class*=elementor-size-]>a{color:inherit;font-size:inherit;line-height:inherit}.elementor-widget-heading .elementor-heading-title.elementor-size-small{font-size:15px}.elementor-widget-heading .elementor-heading-title.elementor-size-medium{font-size:19px}.elementor-widget-heading .elementor-heading-title.elementor-size-large{font-size:29px}.elementor-widget-heading .elementor-heading-title.elementor-size-xl{font-size:39px}.elementor-widget-heading .elementor-heading-title.elementor-size-xxl{font-size:59px}<\/style><h1 class=\"elementor-heading-title elementor-size-default\">5 STAR holiday home F\u00fcssen<\/h1>\t\t<\/div>\n\t\t\t\t<\/div>\n\t\t\t\t\t<\/div>\n\t\t<\/div>\n\t\t\t\t\t<\/div>\n\t\t<\/section>\n\t\t\t\t<section class=\"elementor-section elementor-top-section elementor-element elementor-element-28ef992 elementor-section-boxed elementor-section-height-default elementor-section-height-default\" data-id=\"28ef992\" data-element_type=\"section\">\n\t\t\t\t\t\t<div class=\"elementor-container elementor-column-gap-default\">\n\t\t\t\t\t<div class=\"elementor-column elementor-col-100 elementor-top-column elementor-element elementor-element-1d29b9b\" data-id=\"1d29b9b\" data-element_type=\"column\">\n\t\t\t<div class=\"elementor-widget-wrap elementor-element-populated\">\n\t\t\t\t\t\t<div class=\"elementor-element elementor-element-5ba3ecf elementor-widget elementor-widget-heading\" data-id=\"5ba3ecf\" data-element_type=\"widget\" data-widget_type=\"heading.default\">\n\t\t\t\t<div class=\"elementor-widget-container\">\n\t\t\t<h2 class=\"elementor-heading-title elementor-size-xl\">We love quality<\/h2>\t\t<\/div>\n\t\t\t\t<\/div>\n\t\t\t\t<div class=\"elementor-element elementor-element-78a2b17 elementor-widget elementor-widget-heading\" data-id=\"78a2b17\" data-element_type=\"widget\" data-widget_type=\"heading.default\">\n\t\t\t\t<div class=\"elementor-widget-container\">\n\t\t\t<h2 class=\"elementor-heading-title elementor-size-default\">5 STAR holiday home F\u00fcssen, your exclusive accommodation close to Neuschwanstein Castle, Forggensee, central in the old town with <\/h2>\t\t<\/div>\n\t\t\t\t<\/div>\n\t\t\t\t\t<\/div>\n\t\t<\/div>\n\t\t\t\t\t<\/div>\n\t\t<\/section>\n\t\t\t\t<section class=\"elementor-section elementor-top-section elementor-element elementor-element-24b8a83d elementor-section-boxed elementor-section-height-default elementor-section-height-default\" data-id=\"24b8a83d\" data-element_type=\"section\">\n\t\t\t\t\t\t<div class=\"elementor-container elementor-column-gap-default\">\n\t\t\t\t\t<div class=\"elementor-column elementor-col-100 elementor-top-column elementor-element elementor-element-4b6e6270\" data-id=\"4b6e6270\" data-element_type=\"column\">\n\t\t\t<div class=\"elementor-widget-wrap elementor-element-populated\">\n\t\t\t\t\t\t<div class=\"elementor-element elementor-element-4260be5d elementor-widget elementor-widget-text-editor\" data-id=\"4260be5d\" data-element_type=\"widget\" data-widget_type=\"text-editor.default\">\n\t\t\t\t<div class=\"elementor-widget-container\">\n\t\t\t<style>\/*! elementor - v3.20.0 - 26-03-2024 *\/\n.elementor-widget-text-editor.elementor-drop-cap-view-stacked .elementor-drop-cap{background-color:#69727d;color:#fff}.elementor-widget-text-editor.elementor-drop-cap-view-framed .elementor-drop-cap{color:#69727d;border:3px solid;background-color:transparent}.elementor-widget-text-editor:not(.elementor-drop-cap-view-default) .elementor-drop-cap{margin-top:8px}.elementor-widget-text-editor:not(.elementor-drop-cap-view-default) .elementor-drop-cap-letter{width:1em;height:1em}.elementor-widget-text-editor .elementor-drop-cap{float:left;text-align:center;line-height:1;font-size:50px}.elementor-widget-text-editor .elementor-drop-cap-letter{display:inline-block}<\/style>\t\t\t\t<p>With well over 1,000 points, we are proud and happy that our 5-star vacation home in F\u00fcssen has been awarded the distinction &#8220;first-class overall rating with exclusive comfort&#8221; by the German Tourism Association <a href=\"https:\/\/www.deutschertourismusverband.de\/qualitaet\/sterneunterkuenfte\/fuer-gaeste.html\" target=\"_blank\" rel=\"noopener\">(DTV)<\/a> Berlin.<\/p>\n<figure class=\"wp-block-embed\"><\/figure>\n<p><!-- \/wp:embed --><\/p>\n<p><!-- wp:paragraph --><\/p>\n<p><!-- \/wp:paragraph --><\/p>\t\t\t\t\t\t<\/div>\n\t\t\t\t<\/div>\n\t\t\t\t\t<\/div>\n\t\t<\/div>\n\t\t\t\t\t<\/div>\n\t\t<\/section>\n\t\t\t\t<section class=\"elementor-section elementor-top-section elementor-element elementor-element-87d0cd0 elementor-section-boxed elementor-section-height-default elementor-section-height-default\" data-id=\"87d0cd0\" data-element_type=\"section\">\n\t\t\t\t\t\t<div class=\"elementor-container elementor-column-gap-default\">\n\t\t\t\t\t<div class=\"elementor-column elementor-col-100 elementor-top-column elementor-element elementor-element-d2739b4\" data-id=\"d2739b4\" data-element_type=\"column\">\n\t\t\t<div class=\"elementor-widget-wrap elementor-element-populated\">\n\t\t\t\t\t\t<div class=\"elementor-element elementor-element-11eb174 elementor-widget elementor-widget-image\" data-id=\"11eb174\" data-element_type=\"widget\" data-widget_type=\"image.default\">\n\t\t\t\t<div class=\"elementor-widget-container\">\n\t\t\t<style>\/*! elementor - v3.20.0 - 26-03-2024 *\/\n.elementor-widget-image{text-align:center}.elementor-widget-image a{display:inline-block}.elementor-widget-image a img[src$=\".svg\"]{width:48px}.elementor-widget-image img{vertical-align:middle;display:inline-block}<\/style>\t\t\t\t\t\t\t<figure class=\"wp-caption\">\n\t\t\t\t\t\t\t\t\t\t<img fetchpriority=\"high\" decoding=\"async\" width=\"663\" height=\"875\" src=\"https:\/\/lieblingsplatz-fuessen.de\/en\/wp-content\/uploads\/sites\/4\/2024\/03\/5-Sterne-Ferienhaus-Fussen-DTV.jpg\" class=\"attachment-full size-full wp-image-9206\" alt=\"\" srcset=\"https:\/\/lieblingsplatz-fuessen.de\/en\/wp-content\/uploads\/sites\/4\/2024\/03\/5-Sterne-Ferienhaus-Fussen-DTV.jpg 663w, https:\/\/lieblingsplatz-fuessen.de\/en\/wp-content\/uploads\/sites\/4\/2024\/03\/5-Sterne-Ferienhaus-Fussen-DTV-227x300.jpg 227w\" sizes=\"(max-width: 663px) 100vw, 663px\" \/>\t\t\t\t\t\t\t\t\t\t\t<figcaption class=\"widget-image-caption wp-caption-text\"><\/figcaption>\n\t\t\t\t\t\t\t\t\t\t<\/figure>\n\t\t\t\t\t\t\t<\/div>\n\t\t\t\t<\/div>\n\t\t\t\t\t<\/div>\n\t\t<\/div>\n\t\t\t\t\t<\/div>\n\t\t<\/section>\n\t\t\t\t<section class=\"elementor-section elementor-top-section elementor-element elementor-element-23f66f6 elementor-section-boxed elementor-section-height-default elementor-section-height-default\" data-id=\"23f66f6\" data-element_type=\"section\">\n\t\t\t\t\t\t<div class=\"elementor-container elementor-column-gap-default\">\n\t\t\t\t\t<div class=\"elementor-column elementor-col-100 elementor-top-column elementor-element elementor-element-99e135e\" data-id=\"99e135e\" data-element_type=\"column\">\n\t\t\t<div class=\"elementor-widget-wrap elementor-element-populated\">\n\t\t\t\t\t\t<div class=\"elementor-element elementor-element-1f3b354 elementor-widget elementor-widget-text-editor\" data-id=\"1f3b354\" data-element_type=\"widget\" data-widget_type=\"text-editor.default\">\n\t\t\t\t<div class=\"elementor-widget-container\">\n\t\t\t\t\t\t\t<p>Quality characterizes our 5 star vacation home F\u00fcssen, so that you can feel comfortable and experience a special vacation in the beautiful Allg\u00e4u at the castles Neuschwanstein, Hohenschwangau and the high castle to F\u00fcssen. As a couple, for the whole family or with friends, the 5 star vacation home F\u00fcssen is available to you all alone &#8211; completely private.<\/p>\t\t\t\t\t\t<\/div>\n\t\t\t\t<\/div>\n\t\t\t\t\t<\/div>\n\t\t<\/div>\n\t\t\t\t\t<\/div>\n\t\t<\/section>\n\t\t\t\t<section class=\"elementor-section elementor-top-section elementor-element elementor-element-6ecf324 elementor-section-boxed elementor-section-height-default elementor-section-height-default\" data-id=\"6ecf324\" data-element_type=\"section\">\n\t\t\t\t\t\t<div class=\"elementor-container elementor-column-gap-default\">\n\t\t\t\t\t<div class=\"elementor-column elementor-col-100 elementor-top-column elementor-element elementor-element-fa0bcce\" data-id=\"fa0bcce\" data-element_type=\"column\">\n\t\t\t<div class=\"elementor-widget-wrap elementor-element-populated\">\n\t\t\t\t\t\t<div class=\"elementor-element elementor-element-4c91ae2 elementor-widget elementor-widget-text-editor\" data-id=\"4c91ae2\" data-element_type=\"widget\" data-widget_type=\"text-editor.default\">\n\t\t\t\t<div class=\"elementor-widget-container\">\n\t\t\t\t\t\t\t<p>To achieve this, we put aside any thoughts of our favorite place being:<\/p>\n<p>&#8220;just a vacation home to let&#8221;<\/p>\n<p>and\u00a0deliberately accepted significantly higher costs and maintenance requirements, as well as the need for mindfulness.<\/p>\n<p>Because if you live in comfort and style at home, you don&#8217;t want to miss out on beautiful living and the feeling of being at home on vacation, either.\u00a0<\/p>\n<p>In this spirit, we warmly invite you to enjoy a wonderful getaway in our 5-star Lieblingsplatz F\u00fcssen vacation home.<\/p>\n<p><a href=\"https:\/\/lieblingsplatz-fuessen.de\/en\/your-host-in-fuessen-allgaeu\/\" target=\"_blank\" rel=\"noopener\">Family Schaub-Settele<\/a><\/p>\t\t\t\t\t\t<\/div>\n\t\t\t\t<\/div>\n\t\t\t\t\t<\/div>\n\t\t<\/div>\n\t\t\t\t\t<\/div>\n\t\t<\/section>\n\t\t\t\t<section class=\"elementor-section elementor-top-section elementor-element elementor-element-9e3373f elementor-section-boxed elementor-section-height-default elementor-section-height-default\" data-id=\"9e3373f\" data-element_type=\"section\">\n\t\t\t\t\t\t<div class=\"elementor-container elementor-column-gap-default\">\n\t\t\t\t\t<div class=\"elementor-column elementor-col-100 elementor-top-column elementor-element elementor-element-fb14b3e\" data-id=\"fb14b3e\" data-element_type=\"column\">\n\t\t\t<div class=\"elementor-widget-wrap elementor-element-populated\">\n\t\t\t\t\t\t<div class=\"elementor-element elementor-element-1ddb3e8 elementor-widget elementor-widget-heading\" data-id=\"1ddb3e8\" data-element_type=\"widget\" data-widget_type=\"heading.default\">\n\t\t\t\t<div class=\"elementor-widget-container\">\n\t\t\t<h2 class=\"elementor-heading-title elementor-size-xl\">this is what our guests say<\/h2>\t\t<\/div>\n\t\t\t\t<\/div>\n\t\t\t\t\t<\/div>\n\t\t<\/div>\n\t\t\t\t\t<\/div>\n\t\t<\/section>\n\t\t\t\t<section class=\"elementor-section elementor-top-section elementor-element elementor-element-59f3281 elementor-section-boxed elementor-section-height-default elementor-section-height-default\" data-id=\"59f3281\" data-element_type=\"section\">\n\t\t\t\t\t\t<div class=\"elementor-container elementor-column-gap-default\">\n\t\t\t\t\t<div class=\"elementor-column elementor-col-100 elementor-top-column elementor-element elementor-element-09fc0f5\" data-id=\"09fc0f5\" data-element_type=\"column\">\n\t\t\t<div class=\"elementor-widget-wrap elementor-element-populated\">\n\t\t\t\t\t\t<div class=\"elementor-element elementor-element-4971003 elementor-widget elementor-widget-text-editor\" data-id=\"4971003\" data-element_type=\"widget\" data-widget_type=\"text-editor.default\">\n\t\t\t\t<div class=\"elementor-widget-container\">\n\t\t\t\t\t\t\t<p>Our guests love our 5 star holiday home F\u00fcssen which shows in the exclusively 5 star reviews. Enjoy all the amenities during your F\u00fcssen vacation with us at the 5 star vacation home F\u00fcssen called favorite place<\/p>\t\t\t\t\t\t<\/div>\n\t\t\t\t<\/div>\n\t\t\t\t\t<\/div>\n\t\t<\/div>\n\t\t\t\t\t<\/div>\n\t\t<\/section>\n\t\t\t\t<section class=\"elementor-section elementor-top-section elementor-element elementor-element-1225513 elementor-section-boxed elementor-section-height-default elementor-section-height-default\" data-id=\"1225513\" data-element_type=\"section\">\n\t\t\t\t\t\t<div class=\"elementor-container elementor-column-gap-default\">\n\t\t\t\t\t<div class=\"elementor-column elementor-col-100 elementor-top-column elementor-element elementor-element-59119e1\" data-id=\"59119e1\" data-element_type=\"column\">\n\t\t\t<div class=\"elementor-widget-wrap elementor-element-populated\">\n\t\t\t\t\t\t<div class=\"elementor-element elementor-element-a71c612 elementor-widget elementor-widget-html\" data-id=\"a71c612\" data-element_type=\"widget\" data-widget_type=\"html.default\">\n\t\t\t\t<div class=\"elementor-widget-container\">\n\t\t\t<script src=\"https:\/\/apps.elfsight.com\/p\/platform.js\" defer><\/script>\n<div class=\"elfsight-app-16d1c205-c7b6-4eaa-9392-cf8d6a4a81f4\"><\/div>\t\t<\/div>\n\t\t\t\t<\/div>\n\t\t\t\t\t<\/div>\n\t\t<\/div>\n\t\t\t\t\t<\/div>\n\t\t<\/section>\n\t\t\t\t<section class=\"elementor-section elementor-top-section elementor-element elementor-element-b4ae39e elementor-section-boxed elementor-section-height-default elementor-section-height-default\" data-id=\"b4ae39e\" data-element_type=\"section\">\n\t\t\t\t\t\t<div class=\"elementor-container elementor-column-gap-default\">\n\t\t\t\t\t<div class=\"elementor-column elementor-col-100 elementor-top-column elementor-element elementor-element-59fb3e0\" data-id=\"59fb3e0\" data-element_type=\"column\">\n\t\t\t<div class=\"elementor-widget-wrap elementor-element-populated\">\n\t\t\t\t\t\t<div class=\"elementor-element elementor-element-b5b5fc6 elementor-widget elementor-widget-heading\" data-id=\"b5b5fc6\" data-element_type=\"widget\" data-widget_type=\"heading.default\">\n\t\t\t\t<div class=\"elementor-widget-container\">\n\t\t\t<h2 class=\"elementor-heading-title elementor-size-default\">5 star holiday home F\u00fcssen Allg\u00e4u Bavaria Germany<\/h2>\t\t<\/div>\n\t\t\t\t<\/div>\n\t\t\t\t\t<\/div>\n\t\t<\/div>\n\t\t\t\t\t<\/div>\n\t\t<\/section>\n\t\t\t\t<\/div>\n\t\t","protected":false},"excerpt":{"rendered":"<p>5 STAR holiday home F\u00fcssen We love quality 5 STAR holiday home F\u00fcssen, your exclusive accommodation close to Neuschwanstein Castle, Forggensee, central in the old town with With well over 1,000 points, we are proud and happy that our 5-star vacation home in F\u00fcssen has been awarded the distinction &#8220;first-class overall rating with exclusive comfort&#8221; &hellip;<\/p>\n<p class=\"read-more\"> <a class=\"\" href=\"https:\/\/lieblingsplatz-fuessen.de\/en\/5-star-holiday-home-fuessen\/\"> <span class=\"screen-reader-text\">Quality Promise<\/span> Read More &raquo;<\/a><\/p>\n","protected":false},"author":1,"featured_media":0,"parent":0,"menu_order":0,"comment_status":"closed","ping_status":"closed","template":"","meta":{"site-sidebar-layout":"default","site-content-layout":"","ast-site-content-layout":"","site-content-style":"default","site-sidebar-style":"default","ast-global-header-display":"","ast-banner-title-visibility":"","ast-main-header-display":"","ast-hfb-above-header-display":"","ast-hfb-below-header-display":"","ast-hfb-mobile-header-display":"","site-post-title":"","ast-breadcrumbs-content":"","ast-featured-img":"","footer-sml-layout":"","theme-transparent-header-meta":"","adv-header-id-meta":null,"stick-header-meta":null,"header-above-stick-meta":null,"header-main-stick-meta":null,"header-below-stick-meta":null,"astra-migrate-meta-layouts":"","footnotes":""},"_links":{"self":[{"href":"https:\/\/lieblingsplatz-fuessen.de\/en\/wp-json\/wp\/v2\/pages\/2864"}],"collection":[{"href":"https:\/\/lieblingsplatz-fuessen.de\/en\/wp-json\/wp\/v2\/pages"}],"about":[{"href":"https:\/\/lieblingsplatz-fuessen.de\/en\/wp-json\/wp\/v2\/types\/page"}],"author":[{"embeddable":true,"href":"https:\/\/lieblingsplatz-fuessen.de\/en\/wp-json\/wp\/v2\/users\/1"}],"replies":[{"embeddable":true,"href":"https:\/\/lieblingsplatz-fuessen.de\/en\/wp-json\/wp\/v2\/comments?post=2864"}],"version-history":[{"count":67,"href":"https:\/\/lieblingsplatz-fuessen.de\/en\/wp-json\/wp\/v2\/pages\/2864\/revisions"}],"predecessor-version":[{"id":9209,"href":"https:\/\/lieblingsplatz-fuessen.de\/en\/wp-json\/wp\/v2\/pages\/2864\/revisions\/9209"}],"wp:attachment":[{"href":"https:\/\/lieblingsplatz-fuessen.de\/en\/wp-json\/wp\/v2\/media?parent=2864"}],"curies":[{"name":"wp","href":"https:\/\/api.w.org\/{rel}","templated":true}]}}