{"id":431,"date":"2020-09-17T20:26:48","date_gmt":"2020-09-17T18:26:48","guid":{"rendered":"https:\/\/lieblingsplatz-fuessen.de\/?page_id=431"},"modified":"2022-11-02T21:23:23","modified_gmt":"2022-11-02T20:23:23","slug":"holiday-apartment-fuessen-allgaeu","status":"publish","type":"page","link":"https:\/\/lieblingsplatz-fuessen.de\/en\/holiday-apartment-fuessen-allgaeu\/","title":{"rendered":"Legal Notice"},"content":{"rendered":"\t\t<div data-elementor-type=\"wp-page\" data-elementor-id=\"431\" class=\"elementor elementor-431\">\n\t\t\t\t\t\t<section class=\"elementor-section elementor-top-section elementor-element elementor-element-e580cae elementor-section-boxed elementor-section-height-default elementor-section-height-default\" data-id=\"e580cae\" data-element_type=\"section\">\n\t\t\t\t\t\t<div class=\"elementor-container elementor-column-gap-default\">\n\t\t\t\t\t<div class=\"elementor-column elementor-col-100 elementor-top-column elementor-element elementor-element-ad6e5ec\" data-id=\"ad6e5ec\" data-element_type=\"column\">\n\t\t\t<div class=\"elementor-widget-wrap elementor-element-populated\">\n\t\t\t\t\t\t<div class=\"elementor-element elementor-element-d8404d4 elementor-widget elementor-widget-heading\" data-id=\"d8404d4\" data-element_type=\"widget\" data-widget_type=\"heading.default\">\n\t\t\t\t<div class=\"elementor-widget-container\">\n\t\t\t<style>\/*! elementor - v3.20.0 - 26-03-2024 *\/\n.elementor-heading-title{padding:0;margin:0;line-height:1}.elementor-widget-heading .elementor-heading-title[class*=elementor-size-]>a{color:inherit;font-size:inherit;line-height:inherit}.elementor-widget-heading .elementor-heading-title.elementor-size-small{font-size:15px}.elementor-widget-heading .elementor-heading-title.elementor-size-medium{font-size:19px}.elementor-widget-heading .elementor-heading-title.elementor-size-large{font-size:29px}.elementor-widget-heading .elementor-heading-title.elementor-size-xl{font-size:39px}.elementor-widget-heading .elementor-heading-title.elementor-size-xxl{font-size:59px}<\/style><h1 class=\"elementor-heading-title elementor-size-default\">Holiday apartment Fuessen Allgaeu First Class Vacations<\/h1>\t\t<\/div>\n\t\t\t\t<\/div>\n\t\t\t\t\t<\/div>\n\t\t<\/div>\n\t\t\t\t\t<\/div>\n\t\t<\/section>\n\t\t\t\t<section class=\"elementor-section elementor-top-section elementor-element elementor-element-b59d7c1 elementor-section-boxed elementor-section-height-default elementor-section-height-default\" data-id=\"b59d7c1\" data-element_type=\"section\">\n\t\t\t\t\t\t<div class=\"elementor-container elementor-column-gap-default\">\n\t\t\t\t\t<div class=\"elementor-column elementor-col-100 elementor-top-column elementor-element elementor-element-b14453c\" data-id=\"b14453c\" data-element_type=\"column\">\n\t\t\t<div class=\"elementor-widget-wrap elementor-element-populated\">\n\t\t\t\t\t\t<div class=\"elementor-element elementor-element-28556cb elementor-widget elementor-widget-heading\" data-id=\"28556cb\" data-element_type=\"widget\" data-widget_type=\"heading.default\">\n\t\t\t\t<div class=\"elementor-widget-container\">\n\t\t\t<h2 class=\"elementor-heading-title elementor-size-large\">LEGAL NOTICE<\/h2>\t\t<\/div>\n\t\t\t\t<\/div>\n\t\t\t\t\t<\/div>\n\t\t<\/div>\n\t\t\t\t\t<\/div>\n\t\t<\/section>\n\t\t\t\t<section class=\"elementor-section elementor-top-section elementor-element elementor-element-40abcefa elementor-section-boxed elementor-section-height-default elementor-section-height-default\" data-id=\"40abcefa\" data-element_type=\"section\">\n\t\t\t\t\t\t<div class=\"elementor-container elementor-column-gap-default\">\n\t\t\t\t\t<div class=\"elementor-column elementor-col-100 elementor-top-column elementor-element elementor-element-6dbd1daa\" data-id=\"6dbd1daa\" data-element_type=\"column\">\n\t\t\t<div class=\"elementor-widget-wrap elementor-element-populated\">\n\t\t\t\t\t\t<div class=\"elementor-element elementor-element-7f7a6cf2 elementor-widget elementor-widget-text-editor\" data-id=\"7f7a6cf2\" data-element_type=\"widget\" data-widget_type=\"text-editor.default\">\n\t\t\t\t<div class=\"elementor-widget-container\">\n\t\t\t<style>\/*! elementor - v3.20.0 - 26-03-2024 *\/\n.elementor-widget-text-editor.elementor-drop-cap-view-stacked .elementor-drop-cap{background-color:#69727d;color:#fff}.elementor-widget-text-editor.elementor-drop-cap-view-framed .elementor-drop-cap{color:#69727d;border:3px solid;background-color:transparent}.elementor-widget-text-editor:not(.elementor-drop-cap-view-default) .elementor-drop-cap{margin-top:8px}.elementor-widget-text-editor:not(.elementor-drop-cap-view-default) .elementor-drop-cap-letter{width:1em;height:1em}.elementor-widget-text-editor .elementor-drop-cap{float:left;text-align:center;line-height:1;font-size:50px}.elementor-widget-text-editor .elementor-drop-cap-letter{display:inline-block}<\/style>\t\t\t\t<p>Service provider responsible for the content<\/p><p><a href=\"https:\/\/lieblingsplatz-fuessen.de\/en\/holiday-home-in-fuessen\/\">Holiday home &#8220;Lieblingsplatz-F\u00fcssen&#8221; (favorite place)<\/a><\/p><p>Schrannengasse 6 in 87629 F\u00fcssen<\/p><p>Owner: Michael Schaub<\/p><p>Am Gr\u00fcnen Graben 3<br \/>60433 Frankfurt am Main\u00a0<\/p><p>0160 \u2013 69 66 316<\/p><p>069 \u2013 59 60 71 82<\/p><p>welcome@lieblingsplatz-fuessen.de<\/p><p>USt-IdNr.: DE392027628<\/p><p>Responsible for content according to \u00a7 5 TMG as well as according to \u00a7 55 Abs. 2 RStV: Mr. Michael Schaub<\/p><p>External image sources (photo credits):<br \/>\u00a9 F\u00fcssen Tourismus und Marketing<br \/>\u00a9 Michael Schaub<br \/>\u00a9 Katrin Settele<br \/>\u00a9 Flemming Kruck<br \/>\u00a9 Linda Schneider<\/p><p>Liability for contents<br \/>The contents of all pages were created with the utmost conscientiousness. The service provider does not guarantee the accuracy, completeness, timeliness and quality of the information provided. With reference to damages of any kind due to the use or non-use of the available information, liability claims are excluded in principle. In the event of a violation of the law, liability is only possible from the time of knowledge of a concrete violation of the law. The contents affected by infringement will be removed immediately after becoming known.<\/p><p>Liability for links<br \/>The service provider assumes no liability for direct and indirect external links. The respective operator or provider of these pages is always responsible for the content of the external links. At the time of linking, the links were checked and no legal violations were found. A permanent check of the external links is not reasonable. In the event of a justified determination of a legal violation, the corresponding links will be removed immediately.<\/p><p>Copyright<br \/>All contents of the existing pages are subject to copyright. Use of the content or any parts thereof is not permitted, but requires the consent of the service provider. This also applies to the copyrights of third parties. In case of infringement, the service provider reserves the right to file a complaint. If, despite all precautionary measures, copyright infringements Ferienwohnung F\u00fcssen Allg\u00e4u nevertheless exist, we ask to be notified. If the infringement is justified, we will remove the relevant content immediately.<\/p><p>Dispute resolution<br \/>The European Commission provides a platform for online dispute resolution (OS). You can find the platform at: https:\/\/ec.europa.eu\/consumers\/odr<\/p><p>Consumer Dispute Resolution Act<br \/>We are not willing and obliged for vacation apartment F\u00fcssen Allgaeu to participate in dispute resolution proceedings before a consumer arbitration board.<\/p>\t\t\t\t\t\t<\/div>\n\t\t\t\t<\/div>\n\t\t\t\t\t<\/div>\n\t\t<\/div>\n\t\t\t\t\t<\/div>\n\t\t<\/section>\n\t\t\t\t<section class=\"elementor-section elementor-top-section elementor-element elementor-element-9db39c9 elementor-section-boxed elementor-section-height-default elementor-section-height-default\" data-id=\"9db39c9\" data-element_type=\"section\">\n\t\t\t\t\t\t<div class=\"elementor-container elementor-column-gap-default\">\n\t\t\t\t\t<div class=\"elementor-column elementor-col-100 elementor-top-column elementor-element elementor-element-75b9e0c\" data-id=\"75b9e0c\" data-element_type=\"column\">\n\t\t\t<div class=\"elementor-widget-wrap elementor-element-populated\">\n\t\t\t\t\t\t<div class=\"elementor-element elementor-element-00042c5 elementor-widget elementor-widget-heading\" data-id=\"00042c5\" data-element_type=\"widget\" data-widget_type=\"heading.default\">\n\t\t\t\t<div class=\"elementor-widget-container\">\n\t\t\t<h2 class=\"elementor-heading-title elementor-size-default\">extraordinary holiday apartment Fuessen Allgaeu<\/h2>\t\t<\/div>\n\t\t\t\t<\/div>\n\t\t\t\t\t<\/div>\n\t\t<\/div>\n\t\t\t\t\t<\/div>\n\t\t<\/section>\n\t\t\t\t<section class=\"elementor-section elementor-top-section elementor-element elementor-element-3dd3310 elementor-section-boxed elementor-section-height-default elementor-section-height-default\" data-id=\"3dd3310\" data-element_type=\"section\">\n\t\t\t\t\t\t<div class=\"elementor-container elementor-column-gap-default\">\n\t\t\t\t\t<div class=\"elementor-column elementor-col-100 elementor-top-column elementor-element elementor-element-be53f04\" data-id=\"be53f04\" data-element_type=\"column\">\n\t\t\t<div class=\"elementor-widget-wrap elementor-element-populated\">\n\t\t\t\t\t\t<div class=\"elementor-element elementor-element-bcaf7d5 elementor-widget elementor-widget-image\" data-id=\"bcaf7d5\" data-element_type=\"widget\" data-widget_type=\"image.default\">\n\t\t\t\t<div class=\"elementor-widget-container\">\n\t\t\t<style>\/*! elementor - v3.20.0 - 26-03-2024 *\/\n.elementor-widget-image{text-align:center}.elementor-widget-image a{display:inline-block}.elementor-widget-image a img[src$=\".svg\"]{width:48px}.elementor-widget-image img{vertical-align:middle;display:inline-block}<\/style>\t\t\t\t\t\t\t\t\t\t\t<a href=\"https:\/\/en.fuessen.de\/romantic-soul.html\" target=\"_blank\" rel=\"noopener\">\n\t\t\t\t\t\t\t<img fetchpriority=\"high\" decoding=\"async\" width=\"1280\" height=\"290\" src=\"https:\/\/lieblingsplatz-fuessen.de\/en\/wp-content\/uploads\/sites\/4\/2022\/10\/Saeulingblick-Gross.jpeg\" class=\"attachment-1536x1536 size-1536x1536 wp-image-7798\" alt=\"holiday apartment Fuessen Allgaeu\" srcset=\"https:\/\/lieblingsplatz-fuessen.de\/en\/wp-content\/uploads\/sites\/4\/2022\/10\/Saeulingblick-Gross.jpeg 1280w, https:\/\/lieblingsplatz-fuessen.de\/en\/wp-content\/uploads\/sites\/4\/2022\/10\/Saeulingblick-Gross-300x68.jpeg 300w, https:\/\/lieblingsplatz-fuessen.de\/en\/wp-content\/uploads\/sites\/4\/2022\/10\/Saeulingblick-Gross-1024x232.jpeg 1024w, https:\/\/lieblingsplatz-fuessen.de\/en\/wp-content\/uploads\/sites\/4\/2022\/10\/Saeulingblick-Gross-768x174.jpeg 768w\" sizes=\"(max-width: 1280px) 100vw, 1280px\" \/>\t\t\t\t\t\t\t\t<\/a>\n\t\t\t\t\t\t\t\t\t\t\t\t\t<\/div>\n\t\t\t\t<\/div>\n\t\t\t\t\t<\/div>\n\t\t<\/div>\n\t\t\t\t\t<\/div>\n\t\t<\/section>\n\t\t\t\t<\/div>\n\t\t","protected":false},"excerpt":{"rendered":"<p>Holiday apartment Fuessen Allgaeu First Class Vacations LEGAL NOTICE Service provider responsible for the content Holiday home &#8220;Lieblingsplatz-F\u00fcssen&#8221; (favorite place) Schrannengasse 6 in 87629 F\u00fcssen Owner: Michael Schaub Am Gr\u00fcnen Graben 360433 Frankfurt am Main\u00a0 0160 \u2013 69 66 316 069 \u2013 59 60 71 82 welcome@lieblingsplatz-fuessen.de USt-IdNr.: DE392027628 Responsible for content according to \u00a7 &hellip;<\/p>\n<p class=\"read-more\"> <a class=\"\" href=\"https:\/\/lieblingsplatz-fuessen.de\/en\/holiday-apartment-fuessen-allgaeu\/\"> <span class=\"screen-reader-text\">Legal Notice<\/span> Read More &raquo;<\/a><\/p>\n","protected":false},"author":1,"featured_media":0,"parent":0,"menu_order":0,"comment_status":"closed","ping_status":"closed","template":"","meta":{"site-sidebar-layout":"default","site-content-layout":"","ast-site-content-layout":"","site-content-style":"default","site-sidebar-style":"default","ast-global-header-display":"","ast-banner-title-visibility":"","ast-main-header-display":"","ast-hfb-above-header-display":"","ast-hfb-below-header-display":"","ast-hfb-mobile-header-display":"","site-post-title":"","ast-breadcrumbs-content":"","ast-featured-img":"","footer-sml-layout":"","theme-transparent-header-meta":"","adv-header-id-meta":null,"stick-header-meta":null,"header-above-stick-meta":null,"header-main-stick-meta":null,"header-below-stick-meta":null,"astra-migrate-meta-layouts":"","footnotes":""},"_links":{"self":[{"href":"https:\/\/lieblingsplatz-fuessen.de\/en\/wp-json\/wp\/v2\/pages\/431"}],"collection":[{"href":"https:\/\/lieblingsplatz-fuessen.de\/en\/wp-json\/wp\/v2\/pages"}],"about":[{"href":"https:\/\/lieblingsplatz-fuessen.de\/en\/wp-json\/wp\/v2\/types\/page"}],"author":[{"embeddable":true,"href":"https:\/\/lieblingsplatz-fuessen.de\/en\/wp-json\/wp\/v2\/users\/1"}],"replies":[{"embeddable":true,"href":"https:\/\/lieblingsplatz-fuessen.de\/en\/wp-json\/wp\/v2\/comments?post=431"}],"version-history":[{"count":37,"href":"https:\/\/lieblingsplatz-fuessen.de\/en\/wp-json\/wp\/v2\/pages\/431\/revisions"}],"predecessor-version":[{"id":8561,"href":"https:\/\/lieblingsplatz-fuessen.de\/en\/wp-json\/wp\/v2\/pages\/431\/revisions\/8561"}],"wp:attachment":[{"href":"https:\/\/lieblingsplatz-fuessen.de\/en\/wp-json\/wp\/v2\/media?parent=431"}],"curies":[{"name":"wp","href":"https:\/\/api.w.org\/{rel}","templated":true}]}}