{"id":83,"date":"2020-09-01T15:30:30","date_gmt":"2020-09-01T13:30:30","guid":{"rendered":"https:\/\/lieblingsplatz-fuessen.de\/willkommen-auf-https-lieblingsplatz-fuessen-de"},"modified":"2023-10-11T21:38:29","modified_gmt":"2023-10-11T19:38:29","slug":"vacation-home-fuessen-historic-old-town","status":"publish","type":"page","link":"https:\/\/lieblingsplatz-fuessen.de\/en\/","title":{"rendered":"Welcome"},"content":{"rendered":"\t\t<div data-elementor-type=\"wp-page\" data-elementor-id=\"83\" class=\"elementor elementor-83\">\n\t\t\t\t\t\t<section class=\"elementor-section elementor-top-section elementor-element elementor-element-fab5221 elementor-section-boxed elementor-section-height-default elementor-section-height-default\" data-id=\"fab5221\" data-element_type=\"section\" data-settings=\"{&quot;shape_divider_bottom&quot;:&quot;mountains&quot;}\">\n\t\t\t\t\t\t\t<div class=\"elementor-background-overlay\"><\/div>\n\t\t\t\t\t\t<div class=\"elementor-shape elementor-shape-bottom\" data-negative=\"false\">\n\t\t\t<svg xmlns=\"http:\/\/www.w3.org\/2000\/svg\" viewBox=\"0 0 1000 100\" preserveAspectRatio=\"none\">\n\t<path class=\"elementor-shape-fill\" opacity=\"0.33\" d=\"M473,67.3c-203.9,88.3-263.1-34-320.3,0C66,119.1,0,59.7,0,59.7V0h1000v59.7 c0,0-62.1,26.1-94.9,29.3c-32.8,3.3-62.8-12.3-75.8-22.1C806,49.6,745.3,8.7,694.9,4.7S492.4,59,473,67.3z\"\/>\n\t<path class=\"elementor-shape-fill\" opacity=\"0.66\" d=\"M734,67.3c-45.5,0-77.2-23.2-129.1-39.1c-28.6-8.7-150.3-10.1-254,39.1 s-91.7-34.4-149.2,0C115.7,118.3,0,39.8,0,39.8V0h1000v36.5c0,0-28.2-18.5-92.1-18.5C810.2,18.1,775.7,67.3,734,67.3z\"\/>\n\t<path class=\"elementor-shape-fill\" d=\"M766.1,28.9c-200-57.5-266,65.5-395.1,19.5C242,1.8,242,5.4,184.8,20.6C128,35.8,132.3,44.9,89.9,52.5C28.6,63.7,0,0,0,0 h1000c0,0-9.9,40.9-83.6,48.1S829.6,47,766.1,28.9z\"\/>\n<\/svg>\t\t<\/div>\n\t\t\t\t\t<div class=\"elementor-container elementor-column-gap-default\">\n\t\t\t\t\t<div class=\"elementor-column elementor-col-100 elementor-top-column elementor-element elementor-element-5371384\" data-id=\"5371384\" data-element_type=\"column\">\n\t\t\t<div class=\"elementor-widget-wrap elementor-element-populated\">\n\t\t\t\t\t\t<div class=\"elementor-element elementor-element-7be3001 elementor-widget elementor-widget-image\" data-id=\"7be3001\" data-element_type=\"widget\" data-widget_type=\"image.default\">\n\t\t\t\t<div class=\"elementor-widget-container\">\n\t\t\t<style>\/*! elementor - v3.20.0 - 26-03-2024 *\/\n.elementor-widget-image{text-align:center}.elementor-widget-image a{display:inline-block}.elementor-widget-image a img[src$=\".svg\"]{width:48px}.elementor-widget-image img{vertical-align:middle;display:inline-block}<\/style>\t\t\t\t\t\t\t\t\t\t\t<a href=\"https:\/\/lieblingsplatz-fuessen.de\/en\/5-star-holiday-home-in-fuessen\/\">\n\t\t\t\t\t\t\t<img fetchpriority=\"high\" decoding=\"async\" width=\"1024\" height=\"683\" src=\"https:\/\/lieblingsplatz-fuessen.de\/en\/wp-content\/uploads\/sites\/4\/2022\/10\/12-8-WZ-Kamin-1024x683.jpg\" class=\"attachment-large size-large wp-image-7749\" alt=\"Vacation home in F\u00fcssen\" srcset=\"https:\/\/lieblingsplatz-fuessen.de\/en\/wp-content\/uploads\/sites\/4\/2022\/10\/12-8-WZ-Kamin-1024x683.jpg 1024w, https:\/\/lieblingsplatz-fuessen.de\/en\/wp-content\/uploads\/sites\/4\/2022\/10\/12-8-WZ-Kamin-300x200.jpg 300w, https:\/\/lieblingsplatz-fuessen.de\/en\/wp-content\/uploads\/sites\/4\/2022\/10\/12-8-WZ-Kamin-768x512.jpg 768w, https:\/\/lieblingsplatz-fuessen.de\/en\/wp-content\/uploads\/sites\/4\/2022\/10\/12-8-WZ-Kamin.jpg 1199w\" sizes=\"(max-width: 1024px) 100vw, 1024px\" \/>\t\t\t\t\t\t\t\t<\/a>\n\t\t\t\t\t\t\t\t\t\t\t\t\t<\/div>\n\t\t\t\t<\/div>\n\t\t\t\t\t<\/div>\n\t\t<\/div>\n\t\t\t\t\t<\/div>\n\t\t<\/section>\n\t\t\t\t<section class=\"elementor-section elementor-top-section elementor-element elementor-element-ac33f30 elementor-section-boxed elementor-section-height-default elementor-section-height-default\" data-id=\"ac33f30\" data-element_type=\"section\" data-settings=\"{&quot;background_background&quot;:&quot;classic&quot;}\">\n\t\t\t\t\t\t\t<div class=\"elementor-background-overlay\"><\/div>\n\t\t\t\t\t\t\t<div class=\"elementor-container elementor-column-gap-default\">\n\t\t\t\t\t<div class=\"elementor-column elementor-col-100 elementor-top-column elementor-element elementor-element-91bed25\" data-id=\"91bed25\" data-element_type=\"column\">\n\t\t\t<div class=\"elementor-widget-wrap elementor-element-populated\">\n\t\t\t\t\t\t<div class=\"elementor-element elementor-element-6129860 elementor-widget elementor-widget-heading\" data-id=\"6129860\" data-element_type=\"widget\" data-widget_type=\"heading.default\">\n\t\t\t\t<div class=\"elementor-widget-container\">\n\t\t\t<style>\/*! elementor - v3.20.0 - 26-03-2024 *\/\n.elementor-heading-title{padding:0;margin:0;line-height:1}.elementor-widget-heading .elementor-heading-title[class*=elementor-size-]>a{color:inherit;font-size:inherit;line-height:inherit}.elementor-widget-heading .elementor-heading-title.elementor-size-small{font-size:15px}.elementor-widget-heading .elementor-heading-title.elementor-size-medium{font-size:19px}.elementor-widget-heading .elementor-heading-title.elementor-size-large{font-size:29px}.elementor-widget-heading .elementor-heading-title.elementor-size-xl{font-size:39px}.elementor-widget-heading .elementor-heading-title.elementor-size-xxl{font-size:59px}<\/style><h1 class=\"elementor-heading-title elementor-size-xl\">WELCOME TO LIEBLINGSPLATZ (\"FAVORITE PLACE\") VACATION HOME, IN THE HISTORIC OLD TOWN OF F\u00dcSSEN<\/h1>\t\t<\/div>\n\t\t\t\t<\/div>\n\t\t\t\t\t<\/div>\n\t\t<\/div>\n\t\t\t\t\t<\/div>\n\t\t<\/section>\n\t\t\t\t<section class=\"elementor-section elementor-top-section elementor-element elementor-element-cb0e74e elementor-section-boxed elementor-section-height-default elementor-section-height-default\" data-id=\"cb0e74e\" data-element_type=\"section\">\n\t\t\t\t\t\t<div class=\"elementor-container elementor-column-gap-default\">\n\t\t\t\t\t<div class=\"elementor-column elementor-col-100 elementor-top-column elementor-element elementor-element-87e5bb4\" data-id=\"87e5bb4\" data-element_type=\"column\">\n\t\t\t<div class=\"elementor-widget-wrap elementor-element-populated\">\n\t\t\t\t\t\t<div class=\"elementor-element elementor-element-d951675 elementor-widget elementor-widget-heading\" data-id=\"d951675\" data-element_type=\"widget\" data-widget_type=\"heading.default\">\n\t\t\t\t<div class=\"elementor-widget-container\">\n\t\t\t<h2 class=\"elementor-heading-title elementor-size-default\">Why \"favorite place\" vacation home in F\u00fcssen?<\/h2>\t\t<\/div>\n\t\t\t\t<\/div>\n\t\t\t\t\t<\/div>\n\t\t<\/div>\n\t\t\t\t\t<\/div>\n\t\t<\/section>\n\t\t\t\t<section class=\"elementor-section elementor-top-section elementor-element elementor-element-328e302d elementor-section-boxed elementor-section-height-default elementor-section-height-default\" data-id=\"328e302d\" data-element_type=\"section\" data-settings=\"{&quot;shape_divider_bottom&quot;:&quot;mountains&quot;}\">\n\t\t\t\t\t\t\t<div class=\"elementor-background-overlay\"><\/div>\n\t\t\t\t\t\t<div class=\"elementor-shape elementor-shape-bottom\" data-negative=\"false\">\n\t\t\t<svg xmlns=\"http:\/\/www.w3.org\/2000\/svg\" viewBox=\"0 0 1000 100\" preserveAspectRatio=\"none\">\n\t<path class=\"elementor-shape-fill\" opacity=\"0.33\" d=\"M473,67.3c-203.9,88.3-263.1-34-320.3,0C66,119.1,0,59.7,0,59.7V0h1000v59.7 c0,0-62.1,26.1-94.9,29.3c-32.8,3.3-62.8-12.3-75.8-22.1C806,49.6,745.3,8.7,694.9,4.7S492.4,59,473,67.3z\"\/>\n\t<path class=\"elementor-shape-fill\" opacity=\"0.66\" d=\"M734,67.3c-45.5,0-77.2-23.2-129.1-39.1c-28.6-8.7-150.3-10.1-254,39.1 s-91.7-34.4-149.2,0C115.7,118.3,0,39.8,0,39.8V0h1000v36.5c0,0-28.2-18.5-92.1-18.5C810.2,18.1,775.7,67.3,734,67.3z\"\/>\n\t<path class=\"elementor-shape-fill\" d=\"M766.1,28.9c-200-57.5-266,65.5-395.1,19.5C242,1.8,242,5.4,184.8,20.6C128,35.8,132.3,44.9,89.9,52.5C28.6,63.7,0,0,0,0 h1000c0,0-9.9,40.9-83.6,48.1S829.6,47,766.1,28.9z\"\/>\n<\/svg>\t\t<\/div>\n\t\t\t\t\t<div class=\"elementor-container elementor-column-gap-default\">\n\t\t\t\t\t<div class=\"elementor-column elementor-col-100 elementor-top-column elementor-element elementor-element-43671fd5\" data-id=\"43671fd5\" data-element_type=\"column\">\n\t\t\t<div class=\"elementor-widget-wrap elementor-element-populated\">\n\t\t\t\t\t\t<div class=\"elementor-element elementor-element-70adbaa1 elementor-widget elementor-widget-text-editor\" data-id=\"70adbaa1\" data-element_type=\"widget\" data-widget_type=\"text-editor.default\">\n\t\t\t\t<div class=\"elementor-widget-container\">\n\t\t\t<style>\/*! elementor - v3.20.0 - 26-03-2024 *\/\n.elementor-widget-text-editor.elementor-drop-cap-view-stacked .elementor-drop-cap{background-color:#69727d;color:#fff}.elementor-widget-text-editor.elementor-drop-cap-view-framed .elementor-drop-cap{color:#69727d;border:3px solid;background-color:transparent}.elementor-widget-text-editor:not(.elementor-drop-cap-view-default) .elementor-drop-cap{margin-top:8px}.elementor-widget-text-editor:not(.elementor-drop-cap-view-default) .elementor-drop-cap-letter{width:1em;height:1em}.elementor-widget-text-editor .elementor-drop-cap{float:left;text-align:center;line-height:1;font-size:50px}.elementor-widget-text-editor .elementor-drop-cap-letter{display:inline-block}<\/style>\t\t\t\t<p><!-- wp:paragraph --><\/p>\n<div>\n<div>\n<div>Why &#8220;favorite place&#8221;?\u00a0<\/div>\n<div>\u00a0<\/div>\n<div>Whenever you travel, you come across that one special place where you settle down for a moment of tranquility to reflect on what you&#8217;ve seen, enjoy what you&#8217;ve experienced, and recharge your batteries for the next adventure. It is precisely this moment that we strive to capture and present again and again to our guests during their stay in F\u00fcssen.<\/div>\n<div>Our new Lieblingsplatz holiday home \u2013 available for your exclusive use \u2013 invites you to enjoy happy moments to the full, in the heart of the car-free historic old town.<\/div>\n<\/div>\n<div>\n<p>Experience a wonderful relaxing holiday at Lieblingsplatz-F\u00fcssen in Bavaria&#8217;s highest town at more than 800 meters above sea level. Let yourself be enchanted and inspired by the medieval alleys of the romantic town center, and take in the many imposing buildings such as the baroque monastery of St. Mang, Hohen Schloss (&#8220;High Castle&#8221;), nestled in a magnificent mountain and Alpine panorama surrounded by crystal-clear lakes, and the world-famous Neuschwanstein and Hohenschwangau castles.<\/p>\n<\/div>\n<div>\n<p>Lieblingsplatz vacation home in F\u00fcssen&#8217;s romantic medieval quarter allows you to unwind, spoil yourself and recharge your batteries, yet be really active at the same time.<\/p>\n<p>We would like to share our favorite place with you, our exceptional oasis of well-being brimming with style and love, as a central but peaceful starting point for all your vacation activities .\u00a0<\/p>\n<\/div>\n<div>\n<p class=\" translation-block\">Look forward to the unique sensation of being far away from your own home and yet feeling<a href=\"https:\/\/lieblingsplatz-fuessen.de\/en\/holiday-home-allgaeu-sauna-privat\/\"> completely at home.<\/a><\/p>\n<p>We are more than happy to assist you with any questions or requests, so feel free to get in touch with us.<\/p>\n<\/div>\n<div>\n<p>We look forward to welcoming you soon.<\/p>\n<p>Katrin &amp; Mikel<\/p>\n<\/div>\n<\/div>\n<p><!-- \/wp:paragraph --><\/p>\t\t\t\t\t\t<\/div>\n\t\t\t\t<\/div>\n\t\t\t\t\t<\/div>\n\t\t<\/div>\n\t\t\t\t\t<\/div>\n\t\t<\/section>\n\t\t\t\t<section class=\"elementor-section elementor-top-section elementor-element elementor-element-084d4c8 elementor-section-boxed elementor-section-height-default elementor-section-height-default\" data-id=\"084d4c8\" data-element_type=\"section\">\n\t\t\t\t\t\t<div class=\"elementor-container elementor-column-gap-default\">\n\t\t\t\t\t<div class=\"elementor-column elementor-col-100 elementor-top-column elementor-element elementor-element-6990685\" data-id=\"6990685\" data-element_type=\"column\">\n\t\t\t<div class=\"elementor-widget-wrap elementor-element-populated\">\n\t\t\t\t\t\t<div class=\"elementor-element elementor-element-872eee9 elementor-widget elementor-widget-heading\" data-id=\"872eee9\" data-element_type=\"widget\" data-widget_type=\"heading.default\">\n\t\t\t\t<div class=\"elementor-widget-container\">\n\t\t\t<h2 class=\"elementor-heading-title elementor-size-default\">Ferienhaus F\u00fcssen Altstadt Urlaub mit Sauna in F\u00fcssen im Allg\u00e4u<\/h2>\t\t<\/div>\n\t\t\t\t<\/div>\n\t\t\t\t\t<\/div>\n\t\t<\/div>\n\t\t\t\t\t<\/div>\n\t\t<\/section>\n\t\t\t\t<\/div>\n\t\t","protected":false},"excerpt":{"rendered":"<p>WELCOME TO LIEBLINGSPLATZ (&#8220;FAVORITE PLACE&#8221;) VACATION HOME, IN THE HISTORIC OLD TOWN OF F\u00dcSSEN Why &#8220;favorite place&#8221; vacation home in F\u00fcssen? Why &#8220;favorite place&#8221;?\u00a0 \u00a0 Whenever you travel, you come across that one special place where you settle down for a moment of tranquility to reflect on what you&#8217;ve seen, enjoy what you&#8217;ve experienced, and &hellip;<\/p>\n<p class=\"read-more\"> <a class=\"\" href=\"https:\/\/lieblingsplatz-fuessen.de\/en\/\"> <span class=\"screen-reader-text\">Welcome<\/span> Read More &raquo;<\/a><\/p>\n","protected":false},"author":1,"featured_media":0,"parent":0,"menu_order":0,"comment_status":"closed","ping_status":"closed","template":"","meta":{"site-sidebar-layout":"default","site-content-layout":"default","ast-site-content-layout":"","site-content-style":"default","site-sidebar-style":"default","ast-global-header-display":"","ast-banner-title-visibility":"","ast-main-header-display":"","ast-hfb-above-header-display":"","ast-hfb-below-header-display":"","ast-hfb-mobile-header-display":"","site-post-title":"","ast-breadcrumbs-content":"","ast-featured-img":"","footer-sml-layout":"","theme-transparent-header-meta":"default","adv-header-id-meta":null,"stick-header-meta":null,"header-above-stick-meta":null,"header-main-stick-meta":null,"header-below-stick-meta":null,"astra-migrate-meta-layouts":"","footnotes":""},"_links":{"self":[{"href":"https:\/\/lieblingsplatz-fuessen.de\/en\/wp-json\/wp\/v2\/pages\/83"}],"collection":[{"href":"https:\/\/lieblingsplatz-fuessen.de\/en\/wp-json\/wp\/v2\/pages"}],"about":[{"href":"https:\/\/lieblingsplatz-fuessen.de\/en\/wp-json\/wp\/v2\/types\/page"}],"author":[{"embeddable":true,"href":"https:\/\/lieblingsplatz-fuessen.de\/en\/wp-json\/wp\/v2\/users\/1"}],"replies":[{"embeddable":true,"href":"https:\/\/lieblingsplatz-fuessen.de\/en\/wp-json\/wp\/v2\/comments?post=83"}],"version-history":[{"count":58,"href":"https:\/\/lieblingsplatz-fuessen.de\/en\/wp-json\/wp\/v2\/pages\/83\/revisions"}],"predecessor-version":[{"id":9132,"href":"https:\/\/lieblingsplatz-fuessen.de\/en\/wp-json\/wp\/v2\/pages\/83\/revisions\/9132"}],"wp:attachment":[{"href":"https:\/\/lieblingsplatz-fuessen.de\/en\/wp-json\/wp\/v2\/media?parent=83"}],"curies":[{"name":"wp","href":"https:\/\/api.w.org\/{rel}","templated":true}]}}