{"id":13,"date":"2023-05-09T14:07:27","date_gmt":"2023-05-09T12:07:27","guid":{"rendered":"https:\/\/lieblingsplatz-fuessen.de\/gaestemappe\/?page_id=13"},"modified":"2025-09-12T20:11:59","modified_gmt":"2025-09-12T18:11:59","slug":"anfahrt-zum-ferienhaus","status":"publish","type":"page","link":"https:\/\/lieblingsplatz-fuessen.de\/gaestemappe\/anfahrt-zum-ferienhaus\/","title":{"rendered":"Anfahrt zum Ferienhaus"},"content":{"rendered":"\t\t<div data-elementor-type=\"wp-page\" data-elementor-id=\"13\" class=\"elementor elementor-13\">\n\t\t\t\t\t\t<section class=\"elementor-section elementor-top-section elementor-element elementor-element-43855ee elementor-section-boxed elementor-section-height-default elementor-section-height-default\" data-id=\"43855ee\" data-element_type=\"section\">\n\t\t\t\t\t\t<div class=\"elementor-container elementor-column-gap-default\">\n\t\t\t\t\t<div class=\"elementor-column elementor-col-100 elementor-top-column elementor-element elementor-element-dec3220\" data-id=\"dec3220\" data-element_type=\"column\">\n\t\t\t<div class=\"elementor-widget-wrap elementor-element-populated\">\n\t\t\t\t\t\t<div class=\"elementor-element elementor-element-ec6ae9e elementor-widget elementor-widget-heading\" data-id=\"ec6ae9e\" data-element_type=\"widget\" data-widget_type=\"heading.default\">\n\t\t\t\t<div class=\"elementor-widget-container\">\n\t\t\t<style>\/*! elementor - v3.20.0 - 26-03-2024 *\/\n.elementor-heading-title{padding:0;margin:0;line-height:1}.elementor-widget-heading .elementor-heading-title[class*=elementor-size-]>a{color:inherit;font-size:inherit;line-height:inherit}.elementor-widget-heading .elementor-heading-title.elementor-size-small{font-size:15px}.elementor-widget-heading .elementor-heading-title.elementor-size-medium{font-size:19px}.elementor-widget-heading .elementor-heading-title.elementor-size-large{font-size:29px}.elementor-widget-heading .elementor-heading-title.elementor-size-xl{font-size:39px}.elementor-widget-heading .elementor-heading-title.elementor-size-xxl{font-size:59px}<\/style><h1 class=\"elementor-heading-title elementor-size-default\">Anfahrt zum ferienhaus in die Altstadt F\u00fcssens <\/h1>\t\t<\/div>\n\t\t\t\t<\/div>\n\t\t\t\t\t<\/div>\n\t\t<\/div>\n\t\t\t\t\t<\/div>\n\t\t<\/section>\n\t\t\t\t<section class=\"elementor-section elementor-top-section elementor-element elementor-element-b5cbbeb elementor-section-boxed elementor-section-height-default elementor-section-height-default\" data-id=\"b5cbbeb\" data-element_type=\"section\">\n\t\t\t\t\t\t<div class=\"elementor-container elementor-column-gap-default\">\n\t\t\t\t\t<div class=\"elementor-column elementor-col-100 elementor-top-column elementor-element elementor-element-f68ae57\" data-id=\"f68ae57\" data-element_type=\"column\">\n\t\t\t<div class=\"elementor-widget-wrap elementor-element-populated\">\n\t\t\t\t\t\t<div class=\"elementor-element elementor-element-c2412b6 elementor-widget elementor-widget-text-editor\" data-id=\"c2412b6\" data-element_type=\"widget\" data-widget_type=\"text-editor.default\">\n\t\t\t\t<div class=\"elementor-widget-container\">\n\t\t\t<style>\/*! elementor - v3.20.0 - 26-03-2024 *\/\n.elementor-widget-text-editor.elementor-drop-cap-view-stacked .elementor-drop-cap{background-color:#69727d;color:#fff}.elementor-widget-text-editor.elementor-drop-cap-view-framed .elementor-drop-cap{color:#69727d;border:3px solid;background-color:transparent}.elementor-widget-text-editor:not(.elementor-drop-cap-view-default) .elementor-drop-cap{margin-top:8px}.elementor-widget-text-editor:not(.elementor-drop-cap-view-default) .elementor-drop-cap-letter{width:1em;height:1em}.elementor-widget-text-editor .elementor-drop-cap{float:left;text-align:center;line-height:1;font-size:50px}.elementor-widget-text-editor .elementor-drop-cap-letter{display:inline-block}<\/style>\t\t\t\t<p><span style=\"font-size: 14pt;\">Egal ob du mit der <a href=\"https:\/\/reiseauskunft.bahn.de\/bin\/query.exe\/d\" target=\"_blank\" rel=\"noopener\">Bahn<\/a> oder dem Auto \u00fcber die A7 anreist, der Bahnhof F\u00fcssen als auch die City-Parkgarage sind ca. 200-300 Meter vom Ferienhaus Lieblingsplatz entfernt. Da unser Haus sehr sch\u00f6n und ruhig in der Fussg\u00e4ngerzone der Altstadt von F\u00fcssen liegt, beschreiben wir dir hier die Anfahrt mit dem Auto zum Be- und Entladen direkt vor das Ferienhaus Schrannengasse 6.\u00a0<\/span><\/p>\t\t\t\t\t\t<\/div>\n\t\t\t\t<\/div>\n\t\t\t\t\t<\/div>\n\t\t<\/div>\n\t\t\t\t\t<\/div>\n\t\t<\/section>\n\t\t\t\t<section class=\"elementor-section elementor-top-section elementor-element elementor-element-d839aec elementor-section-boxed elementor-section-height-default elementor-section-height-default\" data-id=\"d839aec\" data-element_type=\"section\">\n\t\t\t\t\t\t<div class=\"elementor-container elementor-column-gap-default\">\n\t\t\t\t\t<div class=\"elementor-column elementor-col-100 elementor-top-column elementor-element elementor-element-4f7911a\" data-id=\"4f7911a\" data-element_type=\"column\">\n\t\t\t<div class=\"elementor-widget-wrap elementor-element-populated\">\n\t\t\t\t\t\t<div class=\"elementor-element elementor-element-1a8b16b elementor-widget elementor-widget-google_maps\" data-id=\"1a8b16b\" data-element_type=\"widget\" data-widget_type=\"google_maps.default\">\n\t\t\t\t<div class=\"elementor-widget-container\">\n\t\t\t<style>\/*! elementor - v3.20.0 - 26-03-2024 *\/\n.elementor-widget-google_maps .elementor-widget-container{overflow:hidden}.elementor-widget-google_maps .elementor-custom-embed{line-height:0}.elementor-widget-google_maps iframe{height:300px}<\/style>\t\t<div class=\"elementor-custom-embed\">\n\t\t\t<iframe loading=\"lazy\"\n\t\t\t\t\tsrc=\"https:\/\/maps.google.com\/maps?q=Lieblingsplatz%20F%C3%BCssen&#038;t=m&#038;z=17&#038;output=embed&#038;iwloc=near\"\n\t\t\t\t\ttitle=\"Lieblingsplatz F\u00fcssen\"\n\t\t\t\t\taria-label=\"Lieblingsplatz F\u00fcssen\"\n\t\t\t><\/iframe>\n\t\t<\/div>\n\t\t\t\t<\/div>\n\t\t\t\t<\/div>\n\t\t\t\t\t<\/div>\n\t\t<\/div>\n\t\t\t\t\t<\/div>\n\t\t<\/section>\n\t\t\t\t<section class=\"elementor-section elementor-top-section elementor-element elementor-element-6ade0f3 elementor-section-boxed elementor-section-height-default elementor-section-height-default\" data-id=\"6ade0f3\" data-element_type=\"section\">\n\t\t\t\t\t\t<div class=\"elementor-container elementor-column-gap-default\">\n\t\t\t\t\t<div class=\"elementor-column elementor-col-100 elementor-top-column elementor-element elementor-element-b27fc89\" data-id=\"b27fc89\" data-element_type=\"column\">\n\t\t\t<div class=\"elementor-widget-wrap\">\n\t\t\t\t\t\t\t<\/div>\n\t\t<\/div>\n\t\t\t\t\t<\/div>\n\t\t<\/section>\n\t\t\t\t<section class=\"elementor-section elementor-top-section elementor-element elementor-element-7ae0123 elementor-section-boxed elementor-section-height-default elementor-section-height-default\" data-id=\"7ae0123\" data-element_type=\"section\">\n\t\t\t\t\t\t<div class=\"elementor-container elementor-column-gap-default\">\n\t\t\t\t\t<div class=\"elementor-column elementor-col-100 elementor-top-column elementor-element elementor-element-6bf3cb6\" data-id=\"6bf3cb6\" data-element_type=\"column\">\n\t\t\t<div class=\"elementor-widget-wrap elementor-element-populated\">\n\t\t\t\t\t\t<div class=\"elementor-element elementor-element-881c30f elementor-widget elementor-widget-text-editor\" data-id=\"881c30f\" data-element_type=\"widget\" data-widget_type=\"text-editor.default\">\n\t\t\t\t<div class=\"elementor-widget-container\">\n\t\t\t\t\t\t\t<p><span style=\"font-size: 14pt;\">Zum Be- und Entladen kannst du jederzeit zum Schrannenplatz wie folgt vor unser Haus fahren.<\/span><\/p><p>Von der A7 kommend f\u00e4hrst du entweder \u00fcber die Kemptner- oder Augsburger Stra\u00dfe Richtung Zentrum (Hotel Sonne).<\/p><p><span style=\"font-size: 14pt;\">Von der Augsburger Stra\u00dfe biegst Du vor dem Hotel Sonne links ab und l\u00e4sst das Hotel Hirsch links liegen, dahinter gleich an der n\u00e4chsten Ampel rechts durch das <a href=\"http:\/\/www.burgenwelt.org\/deutschland\/fuessen_sm\/object.php\" target=\"_blank\" rel=\"noopener\">gotische Sebastiantor<\/a>\u00a0(Foto s.u.) der alten Stadtmauer in die Klosterstra\u00dfe einfahren.\u00a0Du f\u00e4hrst die Klosterstra\u00dfe durch, dann rechts in die Spitalgasse (Foto), wieder rechts in die Lechhalde und wieder rechts zum Brotmarkt, wieder rechts in die Franziskanergasse, diese wird zur Drehergasse, die an deinem Ziel Schrannenplatz endet. Auf der linken Seite siehst du unser gr\u00fcnes Haus und parkst zum Be- und Entladen direkt davor.<\/span><\/p><p><span style=\"font-size: 14pt;\">Noch einfacher ist es zwischen 7:00 Uhr und 10:00 Uhr sowie 18:00 Uhr und 20:00 Uhr, hier kannst du ebenfalls \u00fcber die B16 an der Ampelanlage H\u00f6he Hotel Sonne direkt in die Fussg\u00e4ngerzone \u00fcber die Reichenstra\u00dfe einfahren und gleich vor der Volksbank links in die Schrannengasse ca. 100m rechts und du stehst direkt vor unserem gr\u00fcnen Ferienhaus in F\u00fcssen.<\/span><\/p><p><span style=\"font-size: 14pt;\">Die Ausfahrt aus der Fussg\u00e4ngerzone ist fast immer gleich!\u00a0Du f\u00e4hrst vom Schrannenplatz links am Haus Optik M\u00fcller in die Drehergasse, weiter Franziskanergasse, links \u00fcber den Brotmarkt\u00a0und\u00a0links die Lechalde runter, \u00fcber die Lechbr\u00fccke, danach links die Schwangauer Stra\u00dfe raus bis zur Ampel \u00a0der B16. An der Ampel links einordnen und abbiegen. Du\u00a0f\u00e4hrst nach F\u00fcssen rein und an der Ampel rechts\u00a0in die Theresienstra\u00dfe, nach 100m siehst du links die Einfahrt\u00a0<a href=\"https:\/\/www.apcoa.de\/parken\/fuessen\/parkgarage-city-sparkassenhaus\/\" target=\"_blank\" rel=\"noopener\">Parkgarage P5 City<\/a>\u00a0Sparkassenhaus des Betreibers APCOA und parkst dort dein Auto wo es dir gef\u00e4llt.<\/span><\/p><p>Zwischen 7:00 &#8211; 10:00 Uhr und 18:00 &#8211; 20:00 Uhr kannst du au\u00dfer sonntags alternativ auch, statt links runter, rechts die Lechhalde hoch geradeaus, diese wird zur Ritterstrasse und f\u00fchrt direkt aus der Fussg\u00e4ngerzone raus. Rechts \u00fcber die Luitpoldstra\u00dfe bis zum Kreisel gleich die erste rechts raus kommst du direkt wieder vorne auf die B16, siehst rechts das Hotel Sonne und f\u00e4hrst weiter geradeaus und hinter dem Hotel Hirsch gleich links in die Theresienstra\u00dfe, mit Einfahrt Parkgarage P5 City Sparkassenhaus.<\/p><p><span style=\"font-size: large;\">\u00dcber der Parkgarage befindet sich das kleine Einkaufszentrum Theresienhof mit REWE, Rossmann &amp; Co, durch das du in 200m zu Fu\u00df wieder die Altstadt erreichst.\u00a0<\/span><\/p><p><span style=\"font-size: large;\">Am Hotel\u00a0Hirsch vorbei &#8211; orientiere Dich am <a href=\"https:\/\/www.lilahaus-fuessen.de\/\" target=\"_blank\" rel=\"noopener\">Lila-Haus<\/a> und dem Seiler-Turm dazwischen geht es direkt durch den Durchgang des\u00a0<\/span><span style=\"font-size: 14pt;\"><a href=\"https:\/\/www.ristorante-la-perla.de\/\" target=\"_blank\" rel=\"noopener\">Ristorante La Perla<\/a><\/span><span style=\"font-size: 14pt;\">\u00a0<\/span><span style=\"font-size: large;\">und gleich rechts siehst du den Schrannenplatz mit dem gr\u00fcnen <a href=\"https:\/\/lieblingsplatz-fuessen.de\/ferienhaus-fuessen-in-der-altstadt-3\">Ferienhaus Lieblingsplatz<\/a> mit\u00a0<a href=\"https:\/\/www.cafefreiday.de\" target=\"_blank\" rel=\"noopener\">Caf\u00e9 Freiday<\/a> linker Hand.\u00a0<\/span><\/p><p><span style=\"font-size: large;\">Einmal kurz gefahren oder gelaufen, das Ferienhaus ist wirklich sehr einfach zu erreichen und immer was Neues zu entdecken. Viel Freude in der sch\u00f6nen\u00a0Altstadt von F\u00fcssen!<\/span><\/p>\t\t\t\t\t\t<\/div>\n\t\t\t\t<\/div>\n\t\t\t\t\t<\/div>\n\t\t<\/div>\n\t\t\t\t\t<\/div>\n\t\t<\/section>\n\t\t\t\t<section class=\"elementor-section elementor-top-section elementor-element elementor-element-8611dbf elementor-section-boxed elementor-section-height-default elementor-section-height-default\" data-id=\"8611dbf\" data-element_type=\"section\">\n\t\t\t\t\t\t<div class=\"elementor-container elementor-column-gap-default\">\n\t\t\t\t\t<div class=\"elementor-column elementor-col-33 elementor-top-column elementor-element elementor-element-0cdb05c\" data-id=\"0cdb05c\" data-element_type=\"column\">\n\t\t\t<div class=\"elementor-widget-wrap elementor-element-populated\">\n\t\t\t\t\t\t<div class=\"elementor-element elementor-element-84c69a0 elementor-widget elementor-widget-image\" data-id=\"84c69a0\" data-element_type=\"widget\" data-widget_type=\"image.default\">\n\t\t\t\t<div class=\"elementor-widget-container\">\n\t\t\t<style>\/*! elementor - v3.20.0 - 26-03-2024 *\/\n.elementor-widget-image{text-align:center}.elementor-widget-image a{display:inline-block}.elementor-widget-image a img[src$=\".svg\"]{width:48px}.elementor-widget-image img{vertical-align:middle;display:inline-block}<\/style>\t\t\t\t\t\t\t<figure class=\"wp-caption\">\n\t\t\t\t\t\t\t\t\t\t<img fetchpriority=\"high\" decoding=\"async\" width=\"768\" height=\"576\" src=\"https:\/\/lieblingsplatz-fuessen.de\/gaestemappe\/wp-content\/uploads\/sites\/6\/2023\/06\/Sebastianstor-Fuessen-Ferienhaus-Allgaeu-Altstadt-lieblingsplatz-Schrannenplatz-768x576.jpg\" class=\"attachment-medium_large size-medium_large wp-image-1008\" alt=\"\" srcset=\"https:\/\/lieblingsplatz-fuessen.de\/gaestemappe\/wp-content\/uploads\/sites\/6\/2023\/06\/Sebastianstor-Fuessen-Ferienhaus-Allgaeu-Altstadt-lieblingsplatz-Schrannenplatz-768x576.jpg 768w, https:\/\/lieblingsplatz-fuessen.de\/gaestemappe\/wp-content\/uploads\/sites\/6\/2023\/06\/Sebastianstor-Fuessen-Ferienhaus-Allgaeu-Altstadt-lieblingsplatz-Schrannenplatz-300x225.jpg 300w, https:\/\/lieblingsplatz-fuessen.de\/gaestemappe\/wp-content\/uploads\/sites\/6\/2023\/06\/Sebastianstor-Fuessen-Ferienhaus-Allgaeu-Altstadt-lieblingsplatz-Schrannenplatz-1024x768.jpg 1024w, https:\/\/lieblingsplatz-fuessen.de\/gaestemappe\/wp-content\/uploads\/sites\/6\/2023\/06\/Sebastianstor-Fuessen-Ferienhaus-Allgaeu-Altstadt-lieblingsplatz-Schrannenplatz.jpg 1250w\" sizes=\"(max-width: 768px) 100vw, 768px\" \/>\t\t\t\t\t\t\t\t\t\t\t<figcaption class=\"widget-image-caption wp-caption-text\">Zufahrt Altstadt von 10:00 - 18:00 Uhr und nach 20:00 Uhr<\/figcaption>\n\t\t\t\t\t\t\t\t\t\t<\/figure>\n\t\t\t\t\t\t\t<\/div>\n\t\t\t\t<\/div>\n\t\t\t\t\t<\/div>\n\t\t<\/div>\n\t\t\t\t<div class=\"elementor-column elementor-col-33 elementor-top-column elementor-element elementor-element-1355952\" data-id=\"1355952\" data-element_type=\"column\">\n\t\t\t<div class=\"elementor-widget-wrap elementor-element-populated\">\n\t\t\t\t\t\t<div class=\"elementor-element elementor-element-b420286 elementor-widget elementor-widget-image\" data-id=\"b420286\" data-element_type=\"widget\" data-widget_type=\"image.default\">\n\t\t\t\t<div class=\"elementor-widget-container\">\n\t\t\t\t\t\t\t\t\t\t<figure class=\"wp-caption\">\n\t\t\t\t\t\t\t\t\t\t<img decoding=\"async\" width=\"768\" height=\"576\" src=\"https:\/\/lieblingsplatz-fuessen.de\/gaestemappe\/wp-content\/uploads\/sites\/6\/2023\/06\/Spitalgasse-Fuessen-Altstadt-Ferienhaus-Allgaeu-768x576.jpg\" class=\"attachment-medium_large size-medium_large wp-image-1009\" alt=\"\" srcset=\"https:\/\/lieblingsplatz-fuessen.de\/gaestemappe\/wp-content\/uploads\/sites\/6\/2023\/06\/Spitalgasse-Fuessen-Altstadt-Ferienhaus-Allgaeu-768x576.jpg 768w, https:\/\/lieblingsplatz-fuessen.de\/gaestemappe\/wp-content\/uploads\/sites\/6\/2023\/06\/Spitalgasse-Fuessen-Altstadt-Ferienhaus-Allgaeu-300x225.jpg 300w, https:\/\/lieblingsplatz-fuessen.de\/gaestemappe\/wp-content\/uploads\/sites\/6\/2023\/06\/Spitalgasse-Fuessen-Altstadt-Ferienhaus-Allgaeu-1024x768.jpg 1024w, https:\/\/lieblingsplatz-fuessen.de\/gaestemappe\/wp-content\/uploads\/sites\/6\/2023\/06\/Spitalgasse-Fuessen-Altstadt-Ferienhaus-Allgaeu.jpg 1250w\" sizes=\"(max-width: 768px) 100vw, 768px\" \/>\t\t\t\t\t\t\t\t\t\t\t<figcaption class=\"widget-image-caption wp-caption-text\">Am Ende rechts die Lechhalde hoch...<\/figcaption>\n\t\t\t\t\t\t\t\t\t\t<\/figure>\n\t\t\t\t\t\t\t<\/div>\n\t\t\t\t<\/div>\n\t\t\t\t\t<\/div>\n\t\t<\/div>\n\t\t\t\t<div class=\"elementor-column elementor-col-33 elementor-top-column elementor-element elementor-element-f364388\" data-id=\"f364388\" data-element_type=\"column\">\n\t\t\t<div class=\"elementor-widget-wrap elementor-element-populated\">\n\t\t\t\t\t\t<div class=\"elementor-element elementor-element-0e3dad4 elementor-widget elementor-widget-image\" data-id=\"0e3dad4\" data-element_type=\"widget\" data-widget_type=\"image.default\">\n\t\t\t\t<div class=\"elementor-widget-container\">\n\t\t\t\t\t\t\t\t\t\t<figure class=\"wp-caption\">\n\t\t\t\t\t\t\t\t\t\t<img decoding=\"async\" width=\"768\" height=\"576\" src=\"https:\/\/lieblingsplatz-fuessen.de\/gaestemappe\/wp-content\/uploads\/sites\/6\/2023\/06\/Lechhalde-Fuessen-Ferienhaus-Allgaeu-768x576.jpg\" class=\"attachment-medium_large size-medium_large wp-image-1010\" alt=\"\" srcset=\"https:\/\/lieblingsplatz-fuessen.de\/gaestemappe\/wp-content\/uploads\/sites\/6\/2023\/06\/Lechhalde-Fuessen-Ferienhaus-Allgaeu-768x576.jpg 768w, https:\/\/lieblingsplatz-fuessen.de\/gaestemappe\/wp-content\/uploads\/sites\/6\/2023\/06\/Lechhalde-Fuessen-Ferienhaus-Allgaeu-300x225.jpg 300w, https:\/\/lieblingsplatz-fuessen.de\/gaestemappe\/wp-content\/uploads\/sites\/6\/2023\/06\/Lechhalde-Fuessen-Ferienhaus-Allgaeu-1024x768.jpg 1024w, https:\/\/lieblingsplatz-fuessen.de\/gaestemappe\/wp-content\/uploads\/sites\/6\/2023\/06\/Lechhalde-Fuessen-Ferienhaus-Allgaeu.jpg 1250w\" sizes=\"(max-width: 768px) 100vw, 768px\" \/>\t\t\t\t\t\t\t\t\t\t\t<figcaption class=\"widget-image-caption wp-caption-text\">Vor dem gelben Haus rechts zum Brotmarkt....<\/figcaption>\n\t\t\t\t\t\t\t\t\t\t<\/figure>\n\t\t\t\t\t\t\t<\/div>\n\t\t\t\t<\/div>\n\t\t\t\t\t<\/div>\n\t\t<\/div>\n\t\t\t\t\t<\/div>\n\t\t<\/section>\n\t\t\t\t<section class=\"elementor-section elementor-top-section elementor-element elementor-element-2931343 elementor-section-boxed elementor-section-height-default elementor-section-height-default\" data-id=\"2931343\" data-element_type=\"section\">\n\t\t\t\t\t\t<div class=\"elementor-container elementor-column-gap-default\">\n\t\t\t\t\t<div class=\"elementor-column elementor-col-33 elementor-top-column elementor-element elementor-element-060c441\" data-id=\"060c441\" data-element_type=\"column\">\n\t\t\t<div class=\"elementor-widget-wrap elementor-element-populated\">\n\t\t\t\t\t\t<div class=\"elementor-element elementor-element-4d2563b elementor-widget elementor-widget-image\" data-id=\"4d2563b\" data-element_type=\"widget\" data-widget_type=\"image.default\">\n\t\t\t\t<div class=\"elementor-widget-container\">\n\t\t\t\t\t\t\t\t\t\t<figure class=\"wp-caption\">\n\t\t\t\t\t\t\t\t\t\t<img loading=\"lazy\" decoding=\"async\" width=\"768\" height=\"576\" src=\"https:\/\/lieblingsplatz-fuessen.de\/gaestemappe\/wp-content\/uploads\/sites\/6\/2023\/06\/Brotmarkt-Ferienhaus-Fuessen-Lieblingsplatz-768x576.jpg\" class=\"attachment-medium_large size-medium_large wp-image-1011\" alt=\"\" srcset=\"https:\/\/lieblingsplatz-fuessen.de\/gaestemappe\/wp-content\/uploads\/sites\/6\/2023\/06\/Brotmarkt-Ferienhaus-Fuessen-Lieblingsplatz-768x576.jpg 768w, https:\/\/lieblingsplatz-fuessen.de\/gaestemappe\/wp-content\/uploads\/sites\/6\/2023\/06\/Brotmarkt-Ferienhaus-Fuessen-Lieblingsplatz-300x225.jpg 300w, https:\/\/lieblingsplatz-fuessen.de\/gaestemappe\/wp-content\/uploads\/sites\/6\/2023\/06\/Brotmarkt-Ferienhaus-Fuessen-Lieblingsplatz-1024x768.jpg 1024w, https:\/\/lieblingsplatz-fuessen.de\/gaestemappe\/wp-content\/uploads\/sites\/6\/2023\/06\/Brotmarkt-Ferienhaus-Fuessen-Lieblingsplatz.jpg 1250w\" sizes=\"(max-width: 768px) 100vw, 768px\" \/>\t\t\t\t\t\t\t\t\t\t\t<figcaption class=\"widget-image-caption wp-caption-text\">\u00dcberqueren und rechts in die Franziskanergasse...<\/figcaption>\n\t\t\t\t\t\t\t\t\t\t<\/figure>\n\t\t\t\t\t\t\t<\/div>\n\t\t\t\t<\/div>\n\t\t\t\t\t<\/div>\n\t\t<\/div>\n\t\t\t\t<div class=\"elementor-column elementor-col-33 elementor-top-column elementor-element elementor-element-e3ab1a0\" data-id=\"e3ab1a0\" data-element_type=\"column\">\n\t\t\t<div class=\"elementor-widget-wrap elementor-element-populated\">\n\t\t\t\t\t\t<div class=\"elementor-element elementor-element-79cdbe3 elementor-widget elementor-widget-image\" data-id=\"79cdbe3\" data-element_type=\"widget\" data-widget_type=\"image.default\">\n\t\t\t\t<div class=\"elementor-widget-container\">\n\t\t\t\t\t\t\t\t\t\t<figure class=\"wp-caption\">\n\t\t\t\t\t\t\t\t\t\t<img loading=\"lazy\" decoding=\"async\" width=\"768\" height=\"576\" src=\"https:\/\/lieblingsplatz-fuessen.de\/gaestemappe\/wp-content\/uploads\/sites\/6\/2023\/06\/Franziskanergasse-Ferienhaus-Lieblingsplatz-Fuessen-Allgaeu-768x576.jpg\" class=\"attachment-medium_large size-medium_large wp-image-1012\" alt=\"\" srcset=\"https:\/\/lieblingsplatz-fuessen.de\/gaestemappe\/wp-content\/uploads\/sites\/6\/2023\/06\/Franziskanergasse-Ferienhaus-Lieblingsplatz-Fuessen-Allgaeu-768x576.jpg 768w, https:\/\/lieblingsplatz-fuessen.de\/gaestemappe\/wp-content\/uploads\/sites\/6\/2023\/06\/Franziskanergasse-Ferienhaus-Lieblingsplatz-Fuessen-Allgaeu-300x225.jpg 300w, https:\/\/lieblingsplatz-fuessen.de\/gaestemappe\/wp-content\/uploads\/sites\/6\/2023\/06\/Franziskanergasse-Ferienhaus-Lieblingsplatz-Fuessen-Allgaeu-1024x768.jpg 1024w, https:\/\/lieblingsplatz-fuessen.de\/gaestemappe\/wp-content\/uploads\/sites\/6\/2023\/06\/Franziskanergasse-Ferienhaus-Lieblingsplatz-Fuessen-Allgaeu.jpg 1250w\" sizes=\"(max-width: 768px) 100vw, 768px\" \/>\t\t\t\t\t\t\t\t\t\t\t<figcaption class=\"widget-image-caption wp-caption-text\">diese wird am Ende zur Drehergasse...<\/figcaption>\n\t\t\t\t\t\t\t\t\t\t<\/figure>\n\t\t\t\t\t\t\t<\/div>\n\t\t\t\t<\/div>\n\t\t\t\t\t<\/div>\n\t\t<\/div>\n\t\t\t\t<div class=\"elementor-column elementor-col-33 elementor-top-column elementor-element elementor-element-94e1841\" data-id=\"94e1841\" data-element_type=\"column\">\n\t\t\t<div class=\"elementor-widget-wrap elementor-element-populated\">\n\t\t\t\t\t\t<div class=\"elementor-element elementor-element-ff3f3a7 elementor-widget elementor-widget-image\" data-id=\"ff3f3a7\" data-element_type=\"widget\" data-widget_type=\"image.default\">\n\t\t\t\t<div class=\"elementor-widget-container\">\n\t\t\t\t\t\t\t\t\t\t<figure class=\"wp-caption\">\n\t\t\t\t\t\t\t\t\t\t<img loading=\"lazy\" decoding=\"async\" width=\"768\" height=\"576\" src=\"https:\/\/lieblingsplatz-fuessen.de\/gaestemappe\/wp-content\/uploads\/sites\/6\/2023\/06\/Ferienhaus-Altstadt-Fuessen-768x576.jpg\" class=\"attachment-medium_large size-medium_large wp-image-1013\" alt=\"\" srcset=\"https:\/\/lieblingsplatz-fuessen.de\/gaestemappe\/wp-content\/uploads\/sites\/6\/2023\/06\/Ferienhaus-Altstadt-Fuessen-768x576.jpg 768w, https:\/\/lieblingsplatz-fuessen.de\/gaestemappe\/wp-content\/uploads\/sites\/6\/2023\/06\/Ferienhaus-Altstadt-Fuessen-300x225.jpg 300w, https:\/\/lieblingsplatz-fuessen.de\/gaestemappe\/wp-content\/uploads\/sites\/6\/2023\/06\/Ferienhaus-Altstadt-Fuessen-1024x768.jpg 1024w, https:\/\/lieblingsplatz-fuessen.de\/gaestemappe\/wp-content\/uploads\/sites\/6\/2023\/06\/Ferienhaus-Altstadt-Fuessen.jpg 1250w\" sizes=\"(max-width: 768px) 100vw, 768px\" \/>\t\t\t\t\t\t\t\t\t\t\t<figcaption class=\"widget-image-caption wp-caption-text\">... diese trifft direkt zum Ziel Schrannenplatz <\/figcaption>\n\t\t\t\t\t\t\t\t\t\t<\/figure>\n\t\t\t\t\t\t\t<\/div>\n\t\t\t\t<\/div>\n\t\t\t\t\t<\/div>\n\t\t<\/div>\n\t\t\t\t\t<\/div>\n\t\t<\/section>\n\t\t\t\t<\/div>\n\t\t","protected":false},"excerpt":{"rendered":"<p>Anfahrt zum ferienhaus in die Altstadt F\u00fcssens Egal ob du mit der Bahn oder dem Auto \u00fcber die A7 anreist, der Bahnhof F\u00fcssen als auch die City-Parkgarage sind ca. 200-300 Meter vom Ferienhaus Lieblingsplatz entfernt. Da unser Haus sehr sch\u00f6n und ruhig in der Fussg\u00e4ngerzone der Altstadt von F\u00fcssen liegt, beschreiben wir dir hier die &hellip;<\/p>\n<p class=\"read-more\"> <a class=\"\" href=\"https:\/\/lieblingsplatz-fuessen.de\/gaestemappe\/anfahrt-zum-ferienhaus\/\"> <span class=\"screen-reader-text\">Anfahrt zum Ferienhaus<\/span> Weiterlesen &raquo;<\/a><\/p>\n","protected":false},"author":1,"featured_media":0,"parent":0,"menu_order":0,"comment_status":"closed","ping_status":"closed","template":"","meta":{"site-sidebar-layout":"no-sidebar","site-content-layout":"page-builder","ast-site-content-layout":"","site-content-style":"default","site-sidebar-style":"default","ast-global-header-display":"","ast-banner-title-visibility":"","ast-main-header-display":"","ast-hfb-above-header-display":"","ast-hfb-below-header-display":"","ast-hfb-mobile-header-display":"","site-post-title":"disabled","ast-breadcrumbs-content":"","ast-featured-img":"disabled","footer-sml-layout":"","theme-transparent-header-meta":"","adv-header-id-meta":null,"stick-header-meta":null,"header-above-stick-meta":null,"header-main-stick-meta":null,"header-below-stick-meta":null,"astra-migrate-meta-layouts":"","footnotes":""},"_links":{"self":[{"href":"https:\/\/lieblingsplatz-fuessen.de\/gaestemappe\/wp-json\/wp\/v2\/pages\/13"}],"collection":[{"href":"https:\/\/lieblingsplatz-fuessen.de\/gaestemappe\/wp-json\/wp\/v2\/pages"}],"about":[{"href":"https:\/\/lieblingsplatz-fuessen.de\/gaestemappe\/wp-json\/wp\/v2\/types\/page"}],"author":[{"embeddable":true,"href":"https:\/\/lieblingsplatz-fuessen.de\/gaestemappe\/wp-json\/wp\/v2\/users\/1"}],"replies":[{"embeddable":true,"href":"https:\/\/lieblingsplatz-fuessen.de\/gaestemappe\/wp-json\/wp\/v2\/comments?post=13"}],"version-history":[{"count":21,"href":"https:\/\/lieblingsplatz-fuessen.de\/gaestemappe\/wp-json\/wp\/v2\/pages\/13\/revisions"}],"predecessor-version":[{"id":1253,"href":"https:\/\/lieblingsplatz-fuessen.de\/gaestemappe\/wp-json\/wp\/v2\/pages\/13\/revisions\/1253"}],"wp:attachment":[{"href":"https:\/\/lieblingsplatz-fuessen.de\/gaestemappe\/wp-json\/wp\/v2\/media?parent=13"}],"curies":[{"name":"wp","href":"https:\/\/api.w.org\/{rel}","templated":true}]}}