{"id":14,"date":"2023-05-09T14:07:28","date_gmt":"2023-05-09T12:07:28","guid":{"rendered":"https:\/\/lieblingsplatz-fuessen.de\/gaestemappe\/?page_id=14"},"modified":"2023-05-16T22:09:16","modified_gmt":"2023-05-16T20:09:16","slug":"fuessen-card","status":"publish","type":"page","link":"https:\/\/lieblingsplatz-fuessen.de\/gaestemappe\/fuessen-card\/","title":{"rendered":"F\u00fcssen Card"},"content":{"rendered":"\t\t<div data-elementor-type=\"wp-page\" data-elementor-id=\"14\" class=\"elementor elementor-14\">\n\t\t\t\t\t\t<section class=\"elementor-section elementor-top-section elementor-element elementor-element-f664c61 elementor-section-boxed elementor-section-height-default elementor-section-height-default\" data-id=\"f664c61\" data-element_type=\"section\">\n\t\t\t\t\t\t<div class=\"elementor-container elementor-column-gap-default\">\n\t\t\t\t\t<div class=\"elementor-column elementor-col-100 elementor-top-column elementor-element elementor-element-b2a267b\" data-id=\"b2a267b\" data-element_type=\"column\">\n\t\t\t<div class=\"elementor-widget-wrap elementor-element-populated\">\n\t\t\t\t\t\t<div class=\"elementor-element elementor-element-81739e4 elementor-widget elementor-widget-heading\" data-id=\"81739e4\" data-element_type=\"widget\" data-widget_type=\"heading.default\">\n\t\t\t\t<div class=\"elementor-widget-container\">\n\t\t\t<style>\/*! elementor - v3.20.0 - 26-03-2024 *\/\n.elementor-heading-title{padding:0;margin:0;line-height:1}.elementor-widget-heading .elementor-heading-title[class*=elementor-size-]>a{color:inherit;font-size:inherit;line-height:inherit}.elementor-widget-heading .elementor-heading-title.elementor-size-small{font-size:15px}.elementor-widget-heading .elementor-heading-title.elementor-size-medium{font-size:19px}.elementor-widget-heading .elementor-heading-title.elementor-size-large{font-size:29px}.elementor-widget-heading .elementor-heading-title.elementor-size-xl{font-size:39px}.elementor-widget-heading .elementor-heading-title.elementor-size-xxl{font-size:59px}<\/style><h1 class=\"elementor-heading-title elementor-size-default\">F\u00fcssen Card<\/h1>\t\t<\/div>\n\t\t\t\t<\/div>\n\t\t\t\t\t<\/div>\n\t\t<\/div>\n\t\t\t\t\t<\/div>\n\t\t<\/section>\n\t\t\t\t<section class=\"elementor-section elementor-top-section elementor-element elementor-element-7367b49 elementor-section-boxed elementor-section-height-default elementor-section-height-default\" data-id=\"7367b49\" data-element_type=\"section\">\n\t\t\t\t\t\t<div class=\"elementor-container elementor-column-gap-default\">\n\t\t\t\t\t<div class=\"elementor-column elementor-col-100 elementor-top-column elementor-element elementor-element-110016c\" data-id=\"110016c\" data-element_type=\"column\">\n\t\t\t<div class=\"elementor-widget-wrap elementor-element-populated\">\n\t\t\t\t\t\t<div class=\"elementor-element elementor-element-1b47378 elementor-widget elementor-widget-heading\" data-id=\"1b47378\" data-element_type=\"widget\" data-widget_type=\"heading.default\">\n\t\t\t\t<div class=\"elementor-widget-container\">\n\t\t\t<h2 class=\"elementor-heading-title elementor-size-default\">G\u00e4stekarte<\/h2>\t\t<\/div>\n\t\t\t\t<\/div>\n\t\t\t\t\t<\/div>\n\t\t<\/div>\n\t\t\t\t\t<\/div>\n\t\t<\/section>\n\t\t\t\t<section class=\"elementor-section elementor-top-section elementor-element elementor-element-c85982b elementor-section-boxed elementor-section-height-default elementor-section-height-default\" data-id=\"c85982b\" data-element_type=\"section\">\n\t\t\t\t\t\t<div class=\"elementor-container elementor-column-gap-default\">\n\t\t\t\t\t<div class=\"elementor-column elementor-col-100 elementor-top-column elementor-element elementor-element-ff00674\" data-id=\"ff00674\" data-element_type=\"column\">\n\t\t\t<div class=\"elementor-widget-wrap elementor-element-populated\">\n\t\t\t\t\t\t<div class=\"elementor-element elementor-element-a97c31e elementor-widget elementor-widget-text-editor\" data-id=\"a97c31e\" data-element_type=\"widget\" data-widget_type=\"text-editor.default\">\n\t\t\t\t<div class=\"elementor-widget-container\">\n\t\t\t<style>\/*! elementor - v3.20.0 - 26-03-2024 *\/\n.elementor-widget-text-editor.elementor-drop-cap-view-stacked .elementor-drop-cap{background-color:#69727d;color:#fff}.elementor-widget-text-editor.elementor-drop-cap-view-framed .elementor-drop-cap{color:#69727d;border:3px solid;background-color:transparent}.elementor-widget-text-editor:not(.elementor-drop-cap-view-default) .elementor-drop-cap{margin-top:8px}.elementor-widget-text-editor:not(.elementor-drop-cap-view-default) .elementor-drop-cap-letter{width:1em;height:1em}.elementor-widget-text-editor .elementor-drop-cap{float:left;text-align:center;line-height:1;font-size:50px}.elementor-widget-text-editor .elementor-drop-cap-letter{display:inline-block}<\/style>\t\t\t\t<p><span style=\"font-size: large;\">Die F\u00fcssen Card ist eine echte Vorteilskarte: Du kannst damit viele Angebote in der Region kostenfrei oder verg\u00fcnstigt nutzen. So kannst du zum Beispiel die <a title=\"\u00d6PNV\" href=\"https:\/\/www.fuessen.de\/service\/gaesteservice\/anreise-und-parken\/oeffentlicher-nahverkehr.html\" target=\"_blank\" rel=\"noopener\">regionalen \u00d6PNV-Busse<\/a> sowie die Bahnstrecken F\u00fcssen \u2013 Kaufbeuren und Reutte \u2013 Kempten gratis nutzen und erm\u00e4ssigte Tickets f\u00fcr Museen, Schlo\u00df Neuschwanstein, Bergbahnen usw. erhalten.<\/span><\/p><p><span style=\"font-size: large;\">Deine F\u00fcssen G\u00e4stekarten liegt mit Anreise <strong>im Haus auf dem K\u00fcchentisch<\/strong> f\u00fcr dich und deine Mitreisenden personalisiert bereit.\u00a0<\/span><\/p>\t\t\t\t\t\t<\/div>\n\t\t\t\t<\/div>\n\t\t\t\t\t<\/div>\n\t\t<\/div>\n\t\t\t\t\t<\/div>\n\t\t<\/section>\n\t\t\t\t<section class=\"elementor-section elementor-top-section elementor-element elementor-element-98ad5db elementor-section-boxed elementor-section-height-default elementor-section-height-default\" data-id=\"98ad5db\" data-element_type=\"section\">\n\t\t\t\t\t\t<div class=\"elementor-container elementor-column-gap-default\">\n\t\t\t\t\t<div class=\"elementor-column elementor-col-50 elementor-top-column elementor-element elementor-element-1f7bf6e\" data-id=\"1f7bf6e\" data-element_type=\"column\">\n\t\t\t<div class=\"elementor-widget-wrap elementor-element-populated\">\n\t\t\t\t\t\t<div class=\"elementor-element elementor-element-ab2cabf elementor-widget elementor-widget-image\" data-id=\"ab2cabf\" data-element_type=\"widget\" data-widget_type=\"image.default\">\n\t\t\t\t<div class=\"elementor-widget-container\">\n\t\t\t<style>\/*! elementor - v3.20.0 - 26-03-2024 *\/\n.elementor-widget-image{text-align:center}.elementor-widget-image a{display:inline-block}.elementor-widget-image a img[src$=\".svg\"]{width:48px}.elementor-widget-image img{vertical-align:middle;display:inline-block}<\/style>\t\t\t\t\t\t\t\t\t\t<img decoding=\"async\" src=\"https:\/\/lieblingsplatz-fuessen.de\/wp-content\/uploads\/2023\/05\/csm_Dummy_FuessenCard_Vorder-Rueckseite_ce18583402.png\" title=\"\" alt=\"\" loading=\"lazy\" \/>\t\t\t\t\t\t\t\t\t\t\t\t\t<\/div>\n\t\t\t\t<\/div>\n\t\t\t\t\t<\/div>\n\t\t<\/div>\n\t\t\t\t<div class=\"elementor-column elementor-col-50 elementor-top-column elementor-element elementor-element-f53e550\" data-id=\"f53e550\" data-element_type=\"column\">\n\t\t\t<div class=\"elementor-widget-wrap elementor-element-populated\">\n\t\t\t\t\t\t<div class=\"elementor-element elementor-element-bbaed73 elementor-widget elementor-widget-text-editor\" data-id=\"bbaed73\" data-element_type=\"widget\" data-widget_type=\"text-editor.default\">\n\t\t\t\t<div class=\"elementor-widget-container\">\n\t\t\t\t\t\t\t<p><b>Aktueller Tipp:<\/b> Mit der F\u00fcssen Card erhalten Sie 20% Erm\u00e4\u00dfigung beim Kauf eines Musical Tickets an der Abendkasse im Festspielhaus oder an der Vorverkaufsstelle in der Reichenstra\u00dfe in F\u00fcssen. Die Erm\u00e4\u00dfigung gilt f\u00fcr die Musicals: <i><a href=\"https:\/\/das-festspielhaus.de\/programm\/ludwig2\/\" target=\"_blank\" rel=\"noopener\">Ludwig\u00b2 &#8211; Das Musical<\/a><\/i><a href=\"https:\/\/das-festspielhaus.de\/programm\/ludwig2\/\" target=\"_blank\" rel=\"noopener\">,<\/a>\u00a0<a href=\"https:\/\/das-festspielhaus.de\/programm\/zeppelin-das-musical\/\" target=\"_blank\" rel=\"noopener\"><i>Zeppelin &#8211; Das Musical<\/i><\/a>,\u00a0<i><a href=\"https:\/\/das-festspielhaus.de\/programm\/ein-bisschen-frieden-summer-of-love\/\" target=\"_blank\" rel=\"noopener\">Ein bisschen Frieden &#8211; Summer of love<\/a><\/i>,\u00a0<a href=\"https:\/\/das-festspielhaus.de\/programm\/die-schoene-und-das-biest\/\" target=\"_blank\" rel=\"noopener\"><i>Die Sch\u00f6ne und das Biest<\/i><\/a>,\u00a0<a href=\"https:\/\/das-festspielhaus.de\/programm\/hundertwasser\/\" target=\"_blank\" rel=\"noopener\"><i>Hundertwasser &#8211; Das Muscial<\/i><\/a>,\u00a0<i><a href=\"https:\/\/das-festspielhaus.de\/programm\/brandner-kaspar-das-musical\/\" target=\"_blank\" rel=\"noopener\">Brandner Kaspar &#8211; Das Musical<\/a><\/i>\u00a0sowie\u00a0<a href=\"https:\/\/das-festspielhaus.de\/programm\/die-paepstin\/\" target=\"_blank\" rel=\"noopener\"><i>Die P\u00e4pstin<\/i><\/a>.<\/p><p>Viele <a href=\"https:\/\/www.fuessen.de\/service\/gaesteservice\/fuessencard.html\" target=\"_blank\" rel=\"noopener\">weitere Verg\u00fcnstigungen<\/a> zum Eintritt in die Staatsgalerie im Hohen Schloss, Museum der Stadt F\u00fcssen im Kloster St. Mang oder auch eine entspannte Rundfahrt mit der Forggenseeschifffahrt k\u00f6nnte von <a href=\"https:\/\/www.fuessen.de\/service\/gaesteservice\/fuessencard.html\" target=\"_blank\" rel=\"noopener\">Interesse<\/a> sein.\u00a0<\/p>\t\t\t\t\t\t<\/div>\n\t\t\t\t<\/div>\n\t\t\t\t\t<\/div>\n\t\t<\/div>\n\t\t\t\t\t<\/div>\n\t\t<\/section>\n\t\t\t\t<\/div>\n\t\t","protected":false},"excerpt":{"rendered":"<p>F\u00fcssen Card G\u00e4stekarte Die F\u00fcssen Card ist eine echte Vorteilskarte: Du kannst damit viele Angebote in der Region kostenfrei oder verg\u00fcnstigt nutzen. So kannst du zum Beispiel die regionalen \u00d6PNV-Busse sowie die Bahnstrecken F\u00fcssen \u2013 Kaufbeuren und Reutte \u2013 Kempten gratis nutzen und erm\u00e4ssigte Tickets f\u00fcr Museen, Schlo\u00df Neuschwanstein, Bergbahnen usw. erhalten. Deine F\u00fcssen G\u00e4stekarten &hellip;<\/p>\n<p class=\"read-more\"> <a class=\"\" href=\"https:\/\/lieblingsplatz-fuessen.de\/gaestemappe\/fuessen-card\/\"> <span class=\"screen-reader-text\">F\u00fcssen Card<\/span> Weiterlesen &raquo;<\/a><\/p>\n","protected":false},"author":1,"featured_media":0,"parent":0,"menu_order":0,"comment_status":"closed","ping_status":"closed","template":"","meta":{"site-sidebar-layout":"no-sidebar","site-content-layout":"page-builder","ast-site-content-layout":"","site-content-style":"default","site-sidebar-style":"default","ast-global-header-display":"","ast-banner-title-visibility":"","ast-main-header-display":"","ast-hfb-above-header-display":"","ast-hfb-below-header-display":"","ast-hfb-mobile-header-display":"","site-post-title":"disabled","ast-breadcrumbs-content":"","ast-featured-img":"disabled","footer-sml-layout":"","theme-transparent-header-meta":"","adv-header-id-meta":"","stick-header-meta":"","header-above-stick-meta":"","header-main-stick-meta":"","header-below-stick-meta":"","astra-migrate-meta-layouts":"","footnotes":""},"_links":{"self":[{"href":"https:\/\/lieblingsplatz-fuessen.de\/gaestemappe\/wp-json\/wp\/v2\/pages\/14"}],"collection":[{"href":"https:\/\/lieblingsplatz-fuessen.de\/gaestemappe\/wp-json\/wp\/v2\/pages"}],"about":[{"href":"https:\/\/lieblingsplatz-fuessen.de\/gaestemappe\/wp-json\/wp\/v2\/types\/page"}],"author":[{"embeddable":true,"href":"https:\/\/lieblingsplatz-fuessen.de\/gaestemappe\/wp-json\/wp\/v2\/users\/1"}],"replies":[{"embeddable":true,"href":"https:\/\/lieblingsplatz-fuessen.de\/gaestemappe\/wp-json\/wp\/v2\/comments?post=14"}],"version-history":[{"count":31,"href":"https:\/\/lieblingsplatz-fuessen.de\/gaestemappe\/wp-json\/wp\/v2\/pages\/14\/revisions"}],"predecessor-version":[{"id":906,"href":"https:\/\/lieblingsplatz-fuessen.de\/gaestemappe\/wp-json\/wp\/v2\/pages\/14\/revisions\/906"}],"wp:attachment":[{"href":"https:\/\/lieblingsplatz-fuessen.de\/gaestemappe\/wp-json\/wp\/v2\/media?parent=14"}],"curies":[{"name":"wp","href":"https:\/\/api.w.org\/{rel}","templated":true}]}}